{"id":14998,"date":"2019-12-17T22:34:54","date_gmt":"2019-12-17T21:34:54","guid":{"rendered":"https:\/\/kucaputovanja.rs\/?page_id=14998"},"modified":"2019-12-17T22:49:52","modified_gmt":"2019-12-17T21:49:52","slug":"upiti-rezervacija-vozila","status":"publish","type":"page","link":"https:\/\/kucaputovanja.rs\/en\/upiti-rezervacija-vozila\/","title":{"rendered":"Upiti i rezervacija vozila"},"content":{"rendered":"<p>[vc_row css=&#8221;.vc_custom_1558383182966{margin-right: 0px !important;margin-left: 0px !important;padding- !important;padding-right: 0px !important;padding-bottom: 50px !important;padding-left: 0px !important;background-color: #ffffff !important;}&#8221;][vc_column offset=&#8221;vc_col-lg-offset-0&#8243;][vc_row_inner][vc_column_inner][vc_column_text]<\/p>\n<ul>\n<li><span style=\"color: #212c64;\">Mogu\u0107nost preuzimanja i vra\u0107anja vozila na aerodromu i u gradu Ni\u0161u <\/span><\/li>\n<li><span style=\"color: #212c64;\">Full kasko osiguranje <\/span><\/li>\n<li><span style=\"color: #212c64;\">Neograni\u010dena kilometra\u017ea<\/span><\/li>\n<li><span style=\"color: #212c64;\">Najni\u017ee cene najma<\/span><\/li>\n<\/ul>\n<p>[\/vc_column_text][\/vc_column_inner][\/vc_row_inner][vc_column_text]<\/p>\n<h5 style=\"text-align: left;\"><span style=\"color: #212c64;\">Informacije i rezervacije na:<\/span><\/h5>\n<h4 style=\"text-align: left;\"><span style=\"color: #212c64;\">064 991 3085<\/span><\/h4>\n<p>ILI\u00a0 POPUNJAVANJEM I SLANJEM DOLE PRIKAZANOG UPITA[\/vc_column_text]<div role=\"form\" class=\"wpcf7\" id=\"wpcf7-f14794-o1\" lang=\"sr-RS\" dir=\"ltr\">\n<div class=\"screen-reader-response\"><\/div>\n<form action=\"\/en\/wp-json\/wp\/v2\/pages\/14998#wpcf7-f14794-o1\" method=\"post\" class=\"wpcf7-form\" novalidate=\"novalidate\">\n<div style=\"display: none;\">\n<input type=\"hidden\" name=\"_wpcf7\" value=\"14794\" \/>\n<input type=\"hidden\" name=\"_wpcf7_version\" value=\"5.1.1\" \/>\n<input type=\"hidden\" name=\"_wpcf7_locale\" value=\"sr_RS\" \/>\n<input type=\"hidden\" name=\"_wpcf7_unit_tag\" value=\"wpcf7-f14794-o1\" \/>\n<input type=\"hidden\" name=\"_wpcf7_container_post\" value=\"0\" \/>\n<input type=\"hidden\" name=\"g-recaptcha-response\" value=\"\" \/>\n<\/div>\n<div class=\"contact-form align-self-center search-form no-gutters\">\n<div class=\"row m-xl-5 m-2\">\n<div class=\"col-md-4 col-sm-6 mb-xl-5 mb-2\">\n<label for=\"preuzimanje\"><small class=\"text-uppercase text-muted\">Lokacija Preuzimanja<span class=\"text-danger\"><\/span><\/small><\/label>\n<div class=\"input-group\"><span class=\"wpcf7-form-control-wrap preuzimanje\"><select name=\"preuzimanje\" class=\"wpcf7-form-control wpcf7-select form-control\" id=\"preuzimanje\" aria-invalid=\"false\"><option value=\"\">---<\/option><option value=\"Ni\u0161 - Aerodrom Konstantin Veliki\">Ni\u0161 - Aerodrom Konstantin Veliki<\/option><option value=\"Ni\u0161 - Grad\">Ni\u0161 - Grad<\/option><\/select><\/span>\n<\/div>\n<\/div>\n<div class=\"col-md-4 col-sm-6 mb-xl-5 mb-2\">\n<label for=\"vracanje\"><small class=\"text-uppercase text-muted\">Lokacija Vra\u0107anja<span class=\"text-danger\"><\/span><\/small><\/label>\n<div class=\"input-group\"><span class=\"wpcf7-form-control-wrap vracanje\"><select name=\"vracanje\" class=\"wpcf7-form-control wpcf7-select form-control\" id=\"vracanje\" aria-invalid=\"false\"><option value=\"\">---<\/option><option value=\"Ni\u0161 - Aerodrom Konstantin Veliki\">Ni\u0161 - Aerodrom Konstantin Veliki<\/option><option value=\"Ni\u0161 - Grad\">Ni\u0161 - Grad<\/option><\/select><\/span>\n<\/div>\n<\/div>\n<div class=\"col-md-4 col-sm-6 mb-xl-5 mb-2\">\n<label for=\"vozilo\"><small class=\"text-uppercase text-muted\">Izaberite Vozilo<span class=\"text-danger\"> *<\/span><\/small><\/label>\n<div class=\"input-group\"><span class=\"wpcf7-form-control-wrap vozilo\"><select name=\"vozilo\" class=\"wpcf7-form-control wpcf7-select form-control\" id=\"vozilo\" aria-invalid=\"false\"><option value=\"\">---<\/option><option value=\"A Klasa - Fiat Panda\">A Klasa - Fiat Panda<\/option><option value=\"A+ Klasa - Dacia Sandero\">A+ Klasa - Dacia Sandero<\/option><option value=\"B Klasa - \u0160koda Fabia\">B Klasa - \u0160koda Fabia<\/option><option value=\"B+ Klasa - Opel Corsa\">B+ Klasa - Opel Corsa<\/option><option value=\"C Klasa - Opel Astra\">C Klasa - Opel Astra<\/option><option value=\"C+ Klasa - \u0160koda Rapid\">C+ Klasa - \u0160koda Rapid<\/option><option value=\"D Klasa - \u0160koda Octavia\">D Klasa - \u0160koda Octavia<\/option><option value=\"E Klasa - Opel Insignia\">E Klasa - Opel Insignia<\/option><option value=\"EXCLUSIVE - BMW 520D\">EXCLUSIVE - BMW 520D<\/option><\/select><\/span>\n<\/div>\n<\/div>\n<div class=\"col-md-4 col-sm-6 mb-xl-5 mb-2\">\n<label for=\"firstName\"><small class=\"text-uppercase text-muted\">Po\u010detak najma<span class=\"text-danger\"> *<\/span><\/small><\/label>\n<div class=\"input-group\"><span class=\"wpcf7-form-control-wrap pocetak-najma\"><input type=\"text\" name=\"pocetak-najma\" value=\"\" size=\"40\" class=\"wpcf7-form-control wpcf7-text wpcf7-validates-as-required form-control\" aria-required=\"true\" aria-invalid=\"false\" \/><\/span>\n<\/div>\n<\/div>\n<div class=\"col-md-4 col-sm-6 mb-xl-5 mb-2\">\n<label for=\"firstName\"><small class=\"text-uppercase text-muted\">Kraj najma<span class=\"text-danger\"> *<\/span><\/small><\/label>\n<div class=\"input-group\"><span class=\"wpcf7-form-control-wrap kraj-najma\"><input type=\"text\" name=\"kraj-najma\" value=\"\" size=\"40\" class=\"wpcf7-form-control wpcf7-text wpcf7-validates-as-required form-control\" aria-required=\"true\" aria-invalid=\"false\" \/><\/span>\n<\/div>\n<\/div>\n<div class=\"col-md-4 col-sm-6 mb-xl-5 mb-2\">\n<label for=\"firstName\"><small class=\"text-uppercase text-muted\">Va\u0161e Ime<span class=\"text-danger\"> *<\/span><\/small><\/label>\n<div class=\"input-group\"><span class=\"wpcf7-form-control-wrap firstName\"><input type=\"text\" name=\"firstName\" value=\"\" size=\"40\" class=\"wpcf7-form-control wpcf7-text wpcf7-validates-as-required form-control\" id=\"firstName\" aria-required=\"true\" aria-invalid=\"false\" \/><\/span>\n<\/div>\n<\/div>\n<div class=\"col-md-4 col-sm-6 mb-xl-5 mb-2\">\n<label for=\"your-email\"><small class=\"text-uppercase text-muted\">Va\u0161a Email Adresa<span class=\"text-danger\"> *<\/span><\/small><\/label>\n<div class=\"input-group\"><span class=\"wpcf7-form-control-wrap your-email\"><input type=\"email\" name=\"your-email\" value=\"\" size=\"40\" class=\"wpcf7-form-control wpcf7-text wpcf7-email wpcf7-validates-as-required wpcf7-validates-as-email form-control\" id=\"your-email\" aria-required=\"true\" aria-invalid=\"false\" \/><\/span>\n<\/div>\n<\/div>\n<div class=\"col-md-4 col-sm-6 mb-xl-5 mb-2\">\n<label for=\"tel\"><small class=\"text-uppercase text-muted\">Va\u0161 Broj Telefona<span class=\"text-danger\"> *<\/span><\/small><\/label>\n<div class=\"input-group\"><span class=\"wpcf7-form-control-wrap tel\"><input type=\"tel\" name=\"tel\" value=\"\" size=\"40\" class=\"wpcf7-form-control wpcf7-text wpcf7-tel wpcf7-validates-as-required wpcf7-validates-as-tel form-control\" id=\"tel\" aria-required=\"true\" aria-invalid=\"false\" \/><\/span>\n<\/div>\n<\/div>\n<div class=\"col-md-4 col-sm-6 mb-xl-5 mb-2 text-center text-sm-right\">\n<input type=\"submit\" value=\"Po\u0161aljite Upit\" class=\"wpcf7-form-control wpcf7-submit btn btn-kp btn-lg text-uppercase mt-3 btn-block\" id=\"submit\" \/>\n<\/div>\n<\/div>\n<\/div>\n<p style=\"display: none !important;\"><label>&#916;<textarea name=\"_wpcf7_ak_hp_textarea\" cols=\"45\" rows=\"8\" maxlength=\"100\"><\/textarea><\/label><input type=\"hidden\" id=\"ak_js_1\" name=\"_wpcf7_ak_js\" value=\"142\"\/><script>document.getElementById( \"ak_js_1\" ).setAttribute( \"value\", ( new Date() ).getTime() );<\/script><\/p><div class=\"wpcf7-response-output wpcf7-display-none\"><\/div><\/form><\/div>[\/vc_column][\/vc_row][vc_row equal_height=&#8221;yes&#8221; content_placement=&#8221;middle&#8221; css=&#8221;.vc_custom_1558307089631{margin-right: 0px !important;margin-left: 0px !important;}&#8221;][\/vc_row][vc_row][vc_column][vc_gmaps link=&#8221;#E-8_JTNDaWZyYW1lJTIwc3JjJTNEJTIyaHR0cHMlM0ElMkYlMkZ3d3cuZ29vZ2xlLmNvbSUyRm1hcHMlMkZlbWJlZCUzRnBiJTNEJTIxMW0xOCUyMTFtMTIlMjExbTMlMjExZDkyNy41OTA3ODk2MDIyNDM0JTIxMmQyMS44OTk4NTgxNDE1MDAwNiUyMTNkNDMuMzIwNjE4MzM3NjY3ODQlMjEybTMlMjExZjAlMjEyZjAlMjEzZjAlMjEzbTIlMjExaTEwMjQlMjEyaTc2OCUyMTRmMTMuMSUyMTNtMyUyMTFtMiUyMTFzMHgwJTI1M0EweDdkNjk4MGFiMTRkOTY5YzclMjEyc0FnZW5jaWphJTI1MjBLdSUyNUM0JTI1ODdhJTI1MjBQdXRvdmFuamElMjUyMC0lMjUyMGF2aW8lMjUyMGthcnRlJTI1MjAlMjUyNiUyNTIwdHVyaXphbSUyNTIwaSUyNTIwcmVudCUyNTIwYSUyNTIwY2FyJTI1MjBOaXMlMjE1ZTAlMjEzbTIlMjExc2VuJTIxMnNycyUyMTR2MTU3NjYxODE5NDA0MyUyMTVtMiUyMTFzZW4lMjEyc3JzJTIyJTIwd2lkdGglM0QlMjI0MDAlMjIlMjBoZWlnaHQlM0QlMjIzMDAlMjIlMjBmcmFtZWJvcmRlciUzRCUyMjAlMjIlMjBzdHlsZSUzRCUyMmJvcmRlciUzQTAlM0IlMjIlMjBhbGxvd2Z1bGxzY3JlZW4lM0QlMjIlMjIlM0UlM0MlMkZpZnJhbWUlM0U=&#8221;][\/vc_column][\/vc_row]<\/p>\n","protected":false},"excerpt":{"rendered":"<p>[vc_row css=&#8221;.vc_custom_1558383182966{margin-right: 0px !important;margin-left: 0px !important;padding- !important;padding-right: 0px !important;padding-bottom: 50px !important;padding-left: 0px !important;background-color: #ffffff !important;}&#8221;][vc_column offset=&#8221;vc_col-lg-offset-0&#8243;][vc_row_inner][vc_column_inner][vc_column_text] Mogu\u0107nost preuzimanja i vra\u0107anja vozila na aerodromu i u gradu Ni\u0161u Full kasko osiguranje Neograni\u010dena kilometra\u017ea Najni\u017ee cene najma [\/vc_column_text][\/vc_column_inner][\/vc_row_inner][vc_column_text] Informacije i rezervacije na:&#8230;<\/p>\n","protected":false},"author":1,"featured_media":0,"parent":0,"menu_order":0,"comment_status":"closed","ping_status":"closed","template":"","meta":[],"yoast_head":"<!-- This site is optimized with the Yoast SEO plugin v19.9 - https:\/\/yoast.com\/wordpress\/plugins\/seo\/ -->\n<title>- Ku\u0107a Putovanja<\/title>\n<meta name=\"robots\" content=\"index, follow, max-snippet:-1, max-image-preview:large, max-video-preview:-1\" \/>\n<link rel=\"canonical\" href=\"https:\/\/kucaputovanja.rs\/en\/upiti-rezervacija-vozila\/\" \/>\n<meta property=\"og:locale\" content=\"en_US\" \/>\n<meta property=\"og:type\" content=\"article\" \/>\n<meta property=\"og:title\" content=\"- Ku\u0107a Putovanja\" \/>\n<meta property=\"og:description\" content=\"[vc_row css=&#8221;.vc_custom_1558383182966{margin-right: 0px !important;margin-left: 0px !important;padding- !important;padding-right: 0px !important;padding-bottom: 50px !important;padding-left: 0px !important;background-color: #ffffff !important;}&#8221;][vc_column offset=&#8221;vc_col-lg-offset-0&#8243;][vc_row_inner][vc_column_inner][vc_column_text] Mogu\u0107nost preuzimanja i vra\u0107anja vozila na aerodromu i u gradu Ni\u0161u Full kasko osiguranje Neograni\u010dena kilometra\u017ea Najni\u017ee cene najma [\/vc_column_text][\/vc_column_inner][\/vc_row_inner][vc_column_text] Informacije i rezervacije na:...\" \/>\n<meta property=\"og:url\" content=\"https:\/\/kucaputovanja.rs\/en\/upiti-rezervacija-vozila\/\" \/>\n<meta property=\"og:site_name\" content=\"Ku\u0107a Putovanja\" \/>\n<meta property=\"article:publisher\" content=\"https:\/\/www.facebook.com\/kucaputovanja.rs\" \/>\n<meta property=\"article:modified_time\" content=\"2019-12-17T21:49:52+00:00\" \/>\n<meta name=\"twitter:label1\" content=\"Est. reading time\" \/>\n\t<meta name=\"twitter:data1\" content=\"1 minute\" \/>\n<script type=\"application\/ld+json\" class=\"yoast-schema-graph\">{\"@context\":\"https:\/\/schema.org\",\"@graph\":[{\"@type\":\"WebPage\",\"@id\":\"https:\/\/kucaputovanja.rs\/en\/upiti-rezervacija-vozila\/\",\"url\":\"https:\/\/kucaputovanja.rs\/en\/upiti-rezervacija-vozila\/\",\"name\":\"- Ku\u0107a Putovanja\",\"isPartOf\":{\"@id\":\"https:\/\/kucaputovanja.rs\/en\/#website\"},\"datePublished\":\"2019-12-17T21:34:54+00:00\",\"dateModified\":\"2019-12-17T21:49:52+00:00\",\"breadcrumb\":{\"@id\":\"https:\/\/kucaputovanja.rs\/en\/upiti-rezervacija-vozila\/#breadcrumb\"},\"inLanguage\":\"en-US\",\"potentialAction\":[{\"@type\":\"ReadAction\",\"target\":[\"https:\/\/kucaputovanja.rs\/en\/upiti-rezervacija-vozila\/\"]}]},{\"@type\":\"BreadcrumbList\",\"@id\":\"https:\/\/kucaputovanja.rs\/en\/upiti-rezervacija-vozila\/#breadcrumb\",\"itemListElement\":[{\"@type\":\"ListItem\",\"position\":1,\"name\":\"Home\",\"item\":\"https:\/\/kucaputovanja.rs\/en\/\"},{\"@type\":\"ListItem\",\"position\":2,\"name\":\"Upiti i rezervacija vozila\"}]},{\"@type\":\"WebSite\",\"@id\":\"https:\/\/kucaputovanja.rs\/en\/#website\",\"url\":\"https:\/\/kucaputovanja.rs\/en\/\",\"name\":\"Ku\u0107a Putovanja\",\"description\":\"\",\"publisher\":{\"@id\":\"https:\/\/kucaputovanja.rs\/en\/#organization\"},\"potentialAction\":[{\"@type\":\"SearchAction\",\"target\":{\"@type\":\"EntryPoint\",\"urlTemplate\":\"https:\/\/kucaputovanja.rs\/en\/?s={search_term_string}\"},\"query-input\":\"required name=search_term_string\"}],\"inLanguage\":\"en-US\"},{\"@type\":\"Organization\",\"@id\":\"https:\/\/kucaputovanja.rs\/en\/#organization\",\"name\":\"Ku\u0107a Putovanja\",\"url\":\"https:\/\/kucaputovanja.rs\/en\/\",\"logo\":{\"@type\":\"ImageObject\",\"inLanguage\":\"en-US\",\"@id\":\"https:\/\/kucaputovanja.rs\/en\/#\/schema\/logo\/image\/\",\"url\":\"https:\/\/kucaputovanja.rs\/wp-content\/uploads\/2014\/04\/logo-kuca-putovanja-onama.jpg\",\"contentUrl\":\"https:\/\/kucaputovanja.rs\/wp-content\/uploads\/2014\/04\/logo-kuca-putovanja-onama.jpg\",\"width\":410,\"height\":211,\"caption\":\"Ku\u0107a Putovanja\"},\"image\":{\"@id\":\"https:\/\/kucaputovanja.rs\/en\/#\/schema\/logo\/image\/\"},\"sameAs\":[\"https:\/\/www.instagram.com\/kuca_putovanja\/\",\"https:\/\/www.facebook.com\/kucaputovanja.rs\"]}]}<\/script>\n<!-- \/ Yoast SEO plugin. -->","yoast_head_json":{"title":"- Ku\u0107a Putovanja","robots":{"index":"index","follow":"follow","max-snippet":"max-snippet:-1","max-image-preview":"max-image-preview:large","max-video-preview":"max-video-preview:-1"},"canonical":"https:\/\/kucaputovanja.rs\/en\/upiti-rezervacija-vozila\/","og_locale":"en_US","og_type":"article","og_title":"- Ku\u0107a Putovanja","og_description":"[vc_row css=&#8221;.vc_custom_1558383182966{margin-right: 0px !important;margin-left: 0px !important;padding- !important;padding-right: 0px !important;padding-bottom: 50px !important;padding-left: 0px !important;background-color: #ffffff !important;}&#8221;][vc_column offset=&#8221;vc_col-lg-offset-0&#8243;][vc_row_inner][vc_column_inner][vc_column_text] Mogu\u0107nost preuzimanja i vra\u0107anja vozila na aerodromu i u gradu Ni\u0161u Full kasko osiguranje Neograni\u010dena kilometra\u017ea Najni\u017ee cene najma [\/vc_column_text][\/vc_column_inner][\/vc_row_inner][vc_column_text] Informacije i rezervacije na:...","og_url":"https:\/\/kucaputovanja.rs\/en\/upiti-rezervacija-vozila\/","og_site_name":"Ku\u0107a Putovanja","article_publisher":"https:\/\/www.facebook.com\/kucaputovanja.rs","article_modified_time":"2019-12-17T21:49:52+00:00","twitter_misc":{"Est. reading time":"1 minute"},"schema":{"@context":"https:\/\/schema.org","@graph":[{"@type":"WebPage","@id":"https:\/\/kucaputovanja.rs\/en\/upiti-rezervacija-vozila\/","url":"https:\/\/kucaputovanja.rs\/en\/upiti-rezervacija-vozila\/","name":"- Ku\u0107a Putovanja","isPartOf":{"@id":"https:\/\/kucaputovanja.rs\/en\/#website"},"datePublished":"2019-12-17T21:34:54+00:00","dateModified":"2019-12-17T21:49:52+00:00","breadcrumb":{"@id":"https:\/\/kucaputovanja.rs\/en\/upiti-rezervacija-vozila\/#breadcrumb"},"inLanguage":"en-US","potentialAction":[{"@type":"ReadAction","target":["https:\/\/kucaputovanja.rs\/en\/upiti-rezervacija-vozila\/"]}]},{"@type":"BreadcrumbList","@id":"https:\/\/kucaputovanja.rs\/en\/upiti-rezervacija-vozila\/#breadcrumb","itemListElement":[{"@type":"ListItem","position":1,"name":"Home","item":"https:\/\/kucaputovanja.rs\/en\/"},{"@type":"ListItem","position":2,"name":"Upiti i rezervacija vozila"}]},{"@type":"WebSite","@id":"https:\/\/kucaputovanja.rs\/en\/#website","url":"https:\/\/kucaputovanja.rs\/en\/","name":"Ku\u0107a Putovanja","description":"","publisher":{"@id":"https:\/\/kucaputovanja.rs\/en\/#organization"},"potentialAction":[{"@type":"SearchAction","target":{"@type":"EntryPoint","urlTemplate":"https:\/\/kucaputovanja.rs\/en\/?s={search_term_string}"},"query-input":"required name=search_term_string"}],"inLanguage":"en-US"},{"@type":"Organization","@id":"https:\/\/kucaputovanja.rs\/en\/#organization","name":"Ku\u0107a Putovanja","url":"https:\/\/kucaputovanja.rs\/en\/","logo":{"@type":"ImageObject","inLanguage":"en-US","@id":"https:\/\/kucaputovanja.rs\/en\/#\/schema\/logo\/image\/","url":"https:\/\/kucaputovanja.rs\/wp-content\/uploads\/2014\/04\/logo-kuca-putovanja-onama.jpg","contentUrl":"https:\/\/kucaputovanja.rs\/wp-content\/uploads\/2014\/04\/logo-kuca-putovanja-onama.jpg","width":410,"height":211,"caption":"Ku\u0107a Putovanja"},"image":{"@id":"https:\/\/kucaputovanja.rs\/en\/#\/schema\/logo\/image\/"},"sameAs":["https:\/\/www.instagram.com\/kuca_putovanja\/","https:\/\/www.facebook.com\/kucaputovanja.rs"]}]}},"_links":{"self":[{"href":"https:\/\/kucaputovanja.rs\/en\/wp-json\/wp\/v2\/pages\/14998"}],"collection":[{"href":"https:\/\/kucaputovanja.rs\/en\/wp-json\/wp\/v2\/pages"}],"about":[{"href":"https:\/\/kucaputovanja.rs\/en\/wp-json\/wp\/v2\/types\/page"}],"author":[{"embeddable":true,"href":"https:\/\/kucaputovanja.rs\/en\/wp-json\/wp\/v2\/users\/1"}],"replies":[{"embeddable":true,"href":"https:\/\/kucaputovanja.rs\/en\/wp-json\/wp\/v2\/comments?post=14998"}],"version-history":[{"count":31,"href":"https:\/\/kucaputovanja.rs\/en\/wp-json\/wp\/v2\/pages\/14998\/revisions"}],"predecessor-version":[{"id":15029,"href":"https:\/\/kucaputovanja.rs\/en\/wp-json\/wp\/v2\/pages\/14998\/revisions\/15029"}],"wp:attachment":[{"href":"https:\/\/kucaputovanja.rs\/en\/wp-json\/wp\/v2\/media?parent=14998"}],"curies":[{"name":"wp","href":"https:\/\/api.w.org\/{rel}","templated":true}]}}