{"id":14952,"date":"2019-08-08T01:19:33","date_gmt":"2019-08-07T23:19:33","guid":{"rendered":"https:\/\/kucaputovanja.rs\/?page_id=14952"},"modified":"2020-11-27T21:28:39","modified_gmt":"2020-11-27T20:28:39","slug":"bugarska-letovanje","status":"publish","type":"page","link":"https:\/\/kucaputovanja.rs\/en\/bugarska-letovanje\/","title":{"rendered":"Bugarska iz Ni\u0161a-Leto 2021."},"content":{"rendered":"<p>[vc_row][vc_column][vc_column_text]Planirate u Bugarsku? Pogledajte turisti\u010dke aran\u017eamane, hotele, vile i apartmana koje smo pripremili za va\u0161e\u00a0letovanje\u00a0u Bugarskoj!<\/p>\n<p>Kliknite na ikonice u nastavku da vidite apartmane,vile i hotele koje imamo u ponudi za Leto 2021.[\/vc_column_text][\/vc_column][\/vc_row][vc_row][vc_column width=&#8221;1\/2&#8243;][vc_btn title=&#8221;Ponude za Leto 2021.&#8221; color=&#8221;primary&#8221; size=&#8221;lg&#8221; align=&#8221;center&#8221; link=&#8221;url:https%3A%2F%2Fkucaputovanja.rs%2Fputovanja%2Fletovanje%2F||target:%20_blank|&#8221;][\/vc_column][vc_column width=&#8221;1\/2&#8243;][vc_btn title=&#8221;Aran\u017emani za Bugarsku&#8221; color=&#8221;warning&#8221; size=&#8221;lg&#8221; align=&#8221;center&#8221; link=&#8221;url:https%3A%2F%2Fkucaputovanja.rs%2Fputovanja%2Fgrcka-letovanje%2F||target:%20_blank|&#8221;][\/vc_column][\/vc_row][vc_row][vc_column][vc_single_image image=&#8221;14744&#8243; img_size=&#8221;large&#8221; alignment=&#8221;center&#8221;][vc_single_image image=&#8221;15082&#8243; img_size=&#8221;large&#8221; alignment=&#8221;center&#8221;][vc_column_text css=&#8221;.vc_custom_1606508895921{margin-right: 10px !important;margin-bottom: 20px !important;margin-left: 10px !important;padding-right: 10px !important;padding-left: 10px !important;background-color: #ffffff !important;}&#8221;]<\/p>\n<h3>Za\u0161to posetiti Bugarsku?<\/h3>\n<p>Da more mo\u017ee biti nadomak ruke, savr\u0161eno znaju <strong>Ni\u0161lije<\/strong> koje imau mogu\u010dnost da <strong>letuju<\/strong> u obli\u017enjoj <strong>Bugarskoj<\/strong> na nekoj od destinacija: Sun\u010dev breg, Nesebar, Sveti Vlas, Elenite, Pomoris, \u010cernomorec, Primorsko, Sozopol, Kiten, Albena, Zlatni pjasci&#8230;Generalno, prepoznatljivi pe\u010dat obala Crnog mora koje se nalazi u <strong>Bugarskoj<\/strong> jesu veoma duge pla\u017ee i izuzetno sitan pesak zlataste boje. Pored toga, <strong>Bugarska<\/strong> je dr\u017eava koja ima izvanredno pogodnu klimu, tako da je turisti pose\u0107uju tokom \u010ditave godine. Mogu\u0107nost obilaska raznih kulturno-istorijskih spomenika, poseta raznim akva-parkovima, mno\u0161tvo restorana, diskoteka, razli\u010ditih sportskih resursa, svakako predstavlja mamac za sve one koji nameravaju da se odmore na moru. Osim ovoga, posebnost Bugarske jeste i u tome \u0161to va\u017ei za jednu od najeftinijih destinacija u regionu, te zbog te \u010dinjenice mnogi turisti dolaze iz Evrope da letuju ba\u0161 ovde.<\/p>\n<h4>Letovali\u0161ta u Bugarskoj<\/h4>\n<p><strong>Sun\u010dev breg<\/strong> je jedno od najpoznatijih, a i najtoplijih bugarskih letovali\u0161ta. Ono \u0161to \u010dini posebnu krasotu ovog mesta jeste duga pla\u017ea sa peskom zlatno-\u017eute boje. Pored toga, predivni obronci Stare planine, kao i blizina starog grada <strong>Nesebara<\/strong>, \u010dine ovo mesto posebno privla\u010dnim za turiste. Jo\u0161 jedna pogodnost ovog dragulja prirode jeste i izuzetno povoljna klima zahvaljuju\u0107i kojoj je na ovim prostorima sun\u010dano \u010dak od maja pa do oktobra, \u0161to posetiocima pru\u017ea ve\u0107u mogu\u0107nost da izaberu period kada \u0107e da borave ovde. Ovo letovali\u0161te obiluje bogatim sme\u0161tajnim kapacitetom, raznim hotelima, apartmanima i vilama koji su veoma elegantni i pru\u017eaju prave pogodnosti turistima. Neki od najpoznatijih hotela jesu: <em>Zaara, Rainbow, Atos, Sveta Elena, Continental<\/em> i mnogi drugi.<\/p>\n<p><strong>Nesebar<\/strong> je jo\u0161 jedno letovali\u0161te u Bugarskoj koje predstavlja pravi raj za zaljubljenike u istoriju, jer je ovo jedan od najstarijih gradova u Evropi. Ovde se i dan-danas mogu zapaziti ostaci nekada\u0161njeg grada, njegovih ulica i pojedinih znamenitosti, zbog \u010dega ovo mesto nosi epitet ,,grad muzeja\u02ee. Ono po \u010demu se ovo odmarali\u0161te izdvaja jeste i predivna pla\u017ea koja je pre nekoliko godina dobila zvani\u010dno priznanje za svoju lepotu. Pored ovoga, Nesebar je poznato i kao veoma jeftino letovali\u0161te, tako da predstavlja pravi u\u017eitak za sve one turiste koji \u017eele lepo i ekonomi\u010dno da letuju.<\/p>\n<p>Negde izme\u0111u Sun\u010danog brega i Nesebara nalazi se jedno divno malo letovali\u0161te <strong>Sveti Vlas<\/strong>, koje zapravo predstavlja priobalsko selo i magnet za sve one koji \u017eele da u\u017eivaju u miru i harmoniji, daleko od buke i provoda. Zbog svega toga, <strong>Sveti Vlas<\/strong> je najpopularniji za turiste koji nameravaju porodi\u010dno da odu na <strong>letovanje<\/strong>. Mno\u0161tvo bogato ure\u0111enih hotela \u010dine pravi ovozemaljski raj. Spa centri, bazeni, restorani, teniski tereni i sli\u010dni resursi jesu ono \u0161to mami turiste da odaberu ba\u0161 ovaj grad za svoj godi\u0161nji odmor. Cene u ovom letovali\u0161tu su sli\u010dne kao i u ostalim u <strong>Bugarskoj<\/strong>, nekih dve stotine eura po osobi, \u0161to je izuzetno povoljno.<\/p>\n<p>U samom srcu Crnomorskog zaliva nalazi se letovali\u0161te <strong>Elenite<\/strong>. Ovo letovali\u0161te je znatno skuplje od ostalih koja su do sada spominjana, ali predstavlja sinonim za hedonizam, jer je sme\u0161teno u epicentru mirne i divne prirode. Pritom, usluge koje su ovde pristupa\u010dne su veoma raznovrsne, u opticaju je kori\u0161\u0107enje svih vrsta sportova na vodi, tako da je odli\u010dno za sve ljubitelje sporta i vode, ali je odmarali\u0161te puno i mnogih drugih zabavnih i rekreativnih sadr\u017eaja. Cene sme\u0161taja u apartmanima na ovom podru\u010dju kre\u0107u se od oko pet stotina evra, pa navi\u0161e, ali ta cena podrazumeva all inclusive uslugu.<\/p>\n<p>Jedno od najpopularnijih letovali\u0161ta u <strong>Bugarskoj<\/strong>, osobito za mladu populaciju, jeste gradi\u0107 <strong>Primorsko<\/strong>. Poznat po izuzetno pristupa\u010dnim cenama koje se kre\u0107u u rasponu ve\u0107 od stotinu evra u srcu sezone predstavlja jedno od najpose\u0107enijih mesta u ovoj dr\u017eavi. Osim toga, <strong>letovali\u0161te<\/strong> je poznato po brojnim restoranima, no\u0107nom \u017eivotu u diskotekama, ali i veoma \u010distim pla\u017eama i vodi.<\/p>\n<p><strong>\u00a0\u00a0\u00a0 <\/strong>Mno\u0161tvo mineralnih izvora, adekvatna klima, bogat asortiman restorana, zabavnih i sportskih sadr\u017eaja \u010dine da <strong>Zlatni pjasci<\/strong> budu pose\u0107eni tokom \u010ditave godine. Zlatni pjasci nose naziv po pesku koji je izuzetno specifi\u010dne boje, a ubraja se me\u0111u naj\u010distije u \u010ditavom Crnom moru. Iako spade me\u0111u najskuplja letovali\u0161ta, ipak se ubraja u najluksuznija. Pored toga, mnogi turisti dolaze u ovo letovali\u0161te na severu Bugarske i zbog lekovitog blata koje je ovde dostupno. Pored toga, ovo letovali\u0161te je \u010desto popunjeno ljubiteljima ronjenja jer se ovde nalazi i najve\u0107i ronila\u010dki centar.<\/p>\n<p>Ovo su samo neke od poznatih destinacija koje se nude <strong>Ni\u0161 lijama<\/strong>. Ono \u0161to je jo\u0161 korisno pomenuti jeste da se u <strong>Bugarskoj<\/strong> vreme druga\u010dije ra\u010duna, jer se ova dr\u017eava nalazi u drugoj vremenskoj zoni, te je potrebno \u010dasovnik pomeriti za jedan sat unapred. Uz to, va\u017eno je imati na umu da su cene osnovnih \u017eivotnih namirnica sli\u010dne kao i u Srbiji, s tim \u0161to su samo cigarete ne\u0161to skuplje. Dakle, kao \u0161to se mo\u017ee videti, lepeza ponude na ovom moru je izuzetno \u0161iroka, a jedini problem jeste za koju destinaciju se odlu\u010diti i&#8230;leto mo\u017ee da po\u010dne!<\/p>\n<h4>Geografija i klima Bugarske<\/h4>\n<p>Povr\u0161ina Bugarske iznosi 110.879\u00a0km<sup>2<\/sup>\u00a0 i\u00a0iako\u00a0 je to relativno mala povr\u0161ina, <strong>Bugarska<\/strong> ima veliki broj topografskih karakteristika. \u010cak i na manjim povr\u0161inama dr\u017eave, reljef se mo\u017ee podieliti na ravnice, planine, brda, planine, slivove, klisure i duboke re\u010dne doline. Geografski centar <strong>Bugarske<\/strong> nalazi se kod\u00a0Uzane, zimskog odmarali\u0161ta.<br \/>\nBugarska se odlikuje zna\u010dajnom raznoliko\u0161\u0107u pejza\u017ea, od snje\u017enih vrhova u <strong>Rilu<\/strong>, <strong>Pirinu<\/strong> i planine Balkan do blage i sun\u010dane obale <strong>Crnog mora<\/strong>; od tipi\u010dno kontinentalne Dunavske ravnice na sjeveru do jakog mediteranskog klimatskog utjecaja u dolinama historijske regije\u00a0Makedonije, u najju\u017enijem delu\u00a0Trakije. Najve\u0107i dio Bugarske nalazi se unutar pojasa\u00a0umerene kontinentalne klime, sa\u00a0planinskom klimom\u00a0u podru\u010dju najvi\u0161ih planina i\u00a0subtropskom klimom\u00a0u najju\u017enijim regijama.<br \/>\nProsje\u010dna godi\u0161nja temperatura u Bugarskoj iznosi 10,6\u00a0\u00b0C i varira od -2,9\u00a0\u00b0C na najvi\u0161em vrhu Musale do 13,9\u00a0\u00b0C u gradu Sandanski, u dolini rijeke Struma.\u00a0<sup id=\"cite_ref-donchev55_8-0\" class=\"reference\"><\/sup>Prosje\u010dna temperatura u podunavskoj ravnici iznosi 11,4\u00a0\u00b0C. Najvi\u0161a apsolutna temperatura uzmjerena je u gradu Sadovu 1916. godine i iznosila je 45,2\u00a0\u00b0C dok je najni\u017ea apsolutna temperatura izmjerena u gradu Tran 1947. gdje je zabilje\u017eeno -38,3\u00a0\u00b0C.\u00a0Najvi\u0161a temperatura u nizinama i brdovitom podru\u010dju je u junu, dok je u vi\u0161im planinama najtopliji mjesec august. Najni\u017ea temperatura se javlja u januaru i februaru.<sup id=\"cite_ref-donchev55_8-2\" class=\"reference\"><\/sup><\/p>\n<h4>Kulturno-istorijska zaostav\u0161tina Bugarske<\/h4>\n<p>Uskoro..[\/vc_column_text][\/vc_column][vc_column][\/vc_column][vc_column][\/vc_column][vc_column][\/vc_column][\/vc_row]<\/p>\n","protected":false},"excerpt":{"rendered":"<p>[vc_row][vc_column][vc_column_text]Planirate u Bugarsku? Pogledajte turisti\u010dke aran\u017eamane, hotele, vile i apartmana koje smo pripremili za va\u0161e\u00a0letovanje\u00a0u Bugarskoj! Kliknite na ikonice u nastavku da vidite apartmane,vile i hotele koje imamo u ponudi za Leto 2021.[\/vc_column_text][\/vc_column][\/vc_row][vc_row][vc_column width=&#8221;1\/2&#8243;][vc_btn title=&#8221;Ponude za Leto 2021.&#8221; color=&#8221;primary&#8221; size=&#8221;lg&#8221;&#8230;<\/p>\n","protected":false},"author":1,"featured_media":0,"parent":0,"menu_order":0,"comment_status":"closed","ping_status":"closed","template":"","meta":[],"yoast_head":"<!-- This site is optimized with the Yoast SEO plugin v19.9 - https:\/\/yoast.com\/wordpress\/plugins\/seo\/ -->\n<title>Bugarska 2021.\u00a0Letovanje iz Nisa po odli\u010dnim cenama!<\/title>\n<meta name=\"description\" content=\"\u017delite da leto provedete u\u00a0Sun\u010dev breg, Nesebar,Zlatni pjasci\u00a0sa polaskom iz Ni\u0161a? Mi smo pravo mesto za Vas. Bugarska letovanje 2021 -najpovoljnije cene!\u00a0\u00a0\" \/>\n<meta name=\"robots\" content=\"index, follow, max-snippet:-1, max-image-preview:large, max-video-preview:-1\" \/>\n<link rel=\"canonical\" href=\"https:\/\/kucaputovanja.rs\/en\/bugarska-letovanje\/\" \/>\n<meta property=\"og:locale\" content=\"en_US\" \/>\n<meta property=\"og:type\" content=\"article\" \/>\n<meta property=\"og:title\" content=\"Bugarska 2021.\u00a0Letovanje iz Nisa po odli\u010dnim cenama!\" \/>\n<meta property=\"og:description\" content=\"\u017delite da leto provedete u\u00a0Sun\u010dev breg, Nesebar,Zlatni pjasci\u00a0sa polaskom iz Ni\u0161a? Mi smo pravo mesto za Vas. Bugarska letovanje 2021 -najpovoljnije cene!\u00a0\u00a0\" \/>\n<meta property=\"og:url\" content=\"https:\/\/kucaputovanja.rs\/en\/bugarska-letovanje\/\" \/>\n<meta property=\"og:site_name\" content=\"Ku\u0107a Putovanja\" \/>\n<meta property=\"article:publisher\" content=\"https:\/\/www.facebook.com\/kucaputovanja.rs\" \/>\n<meta property=\"article:modified_time\" content=\"2020-11-27T20:28:39+00:00\" \/>\n<meta name=\"twitter:label1\" content=\"Est. reading time\" \/>\n\t<meta name=\"twitter:data1\" content=\"6 minutes\" \/>\n<script type=\"application\/ld+json\" class=\"yoast-schema-graph\">{\"@context\":\"https:\/\/schema.org\",\"@graph\":[{\"@type\":\"WebPage\",\"@id\":\"https:\/\/kucaputovanja.rs\/en\/bugarska-letovanje\/\",\"url\":\"https:\/\/kucaputovanja.rs\/en\/bugarska-letovanje\/\",\"name\":\"Bugarska 2021.\u00a0Letovanje iz Nisa po odli\u010dnim cenama!\",\"isPartOf\":{\"@id\":\"https:\/\/kucaputovanja.rs\/en\/#website\"},\"datePublished\":\"2019-08-07T23:19:33+00:00\",\"dateModified\":\"2020-11-27T20:28:39+00:00\",\"description\":\"\u017delite da leto provedete u\u00a0Sun\u010dev breg, Nesebar,Zlatni pjasci\u00a0sa polaskom iz Ni\u0161a? Mi smo pravo mesto za Vas. Bugarska letovanje 2021 -najpovoljnije cene!\u00a0\u00a0\",\"breadcrumb\":{\"@id\":\"https:\/\/kucaputovanja.rs\/en\/bugarska-letovanje\/#breadcrumb\"},\"inLanguage\":\"en-US\",\"potentialAction\":[{\"@type\":\"ReadAction\",\"target\":[\"https:\/\/kucaputovanja.rs\/en\/bugarska-letovanje\/\"]}]},{\"@type\":\"BreadcrumbList\",\"@id\":\"https:\/\/kucaputovanja.rs\/en\/bugarska-letovanje\/#breadcrumb\",\"itemListElement\":[{\"@type\":\"ListItem\",\"position\":1,\"name\":\"Home\",\"item\":\"https:\/\/kucaputovanja.rs\/en\/\"},{\"@type\":\"ListItem\",\"position\":2,\"name\":\"Bugarska iz Ni\u0161a-Leto 2021.\"}]},{\"@type\":\"WebSite\",\"@id\":\"https:\/\/kucaputovanja.rs\/en\/#website\",\"url\":\"https:\/\/kucaputovanja.rs\/en\/\",\"name\":\"Ku\u0107a Putovanja\",\"description\":\"\",\"publisher\":{\"@id\":\"https:\/\/kucaputovanja.rs\/en\/#organization\"},\"potentialAction\":[{\"@type\":\"SearchAction\",\"target\":{\"@type\":\"EntryPoint\",\"urlTemplate\":\"https:\/\/kucaputovanja.rs\/en\/?s={search_term_string}\"},\"query-input\":\"required name=search_term_string\"}],\"inLanguage\":\"en-US\"},{\"@type\":\"Organization\",\"@id\":\"https:\/\/kucaputovanja.rs\/en\/#organization\",\"name\":\"Ku\u0107a Putovanja\",\"url\":\"https:\/\/kucaputovanja.rs\/en\/\",\"logo\":{\"@type\":\"ImageObject\",\"inLanguage\":\"en-US\",\"@id\":\"https:\/\/kucaputovanja.rs\/en\/#\/schema\/logo\/image\/\",\"url\":\"https:\/\/kucaputovanja.rs\/wp-content\/uploads\/2014\/04\/logo-kuca-putovanja-onama.jpg\",\"contentUrl\":\"https:\/\/kucaputovanja.rs\/wp-content\/uploads\/2014\/04\/logo-kuca-putovanja-onama.jpg\",\"width\":410,\"height\":211,\"caption\":\"Ku\u0107a Putovanja\"},\"image\":{\"@id\":\"https:\/\/kucaputovanja.rs\/en\/#\/schema\/logo\/image\/\"},\"sameAs\":[\"https:\/\/www.instagram.com\/kuca_putovanja\/\",\"https:\/\/www.facebook.com\/kucaputovanja.rs\"]}]}<\/script>\n<!-- \/ Yoast SEO plugin. -->","yoast_head_json":{"title":"Bugarska 2021.\u00a0Letovanje iz Nisa po odli\u010dnim cenama!","description":"\u017delite da leto provedete u\u00a0Sun\u010dev breg, Nesebar,Zlatni pjasci\u00a0sa polaskom iz Ni\u0161a? Mi smo pravo mesto za Vas. Bugarska letovanje 2021 -najpovoljnije cene!\u00a0\u00a0","robots":{"index":"index","follow":"follow","max-snippet":"max-snippet:-1","max-image-preview":"max-image-preview:large","max-video-preview":"max-video-preview:-1"},"canonical":"https:\/\/kucaputovanja.rs\/en\/bugarska-letovanje\/","og_locale":"en_US","og_type":"article","og_title":"Bugarska 2021.\u00a0Letovanje iz Nisa po odli\u010dnim cenama!","og_description":"\u017delite da leto provedete u\u00a0Sun\u010dev breg, Nesebar,Zlatni pjasci\u00a0sa polaskom iz Ni\u0161a? Mi smo pravo mesto za Vas. Bugarska letovanje 2021 -najpovoljnije cene!\u00a0\u00a0","og_url":"https:\/\/kucaputovanja.rs\/en\/bugarska-letovanje\/","og_site_name":"Ku\u0107a Putovanja","article_publisher":"https:\/\/www.facebook.com\/kucaputovanja.rs","article_modified_time":"2020-11-27T20:28:39+00:00","twitter_misc":{"Est. reading time":"6 minutes"},"schema":{"@context":"https:\/\/schema.org","@graph":[{"@type":"WebPage","@id":"https:\/\/kucaputovanja.rs\/en\/bugarska-letovanje\/","url":"https:\/\/kucaputovanja.rs\/en\/bugarska-letovanje\/","name":"Bugarska 2021.\u00a0Letovanje iz Nisa po odli\u010dnim cenama!","isPartOf":{"@id":"https:\/\/kucaputovanja.rs\/en\/#website"},"datePublished":"2019-08-07T23:19:33+00:00","dateModified":"2020-11-27T20:28:39+00:00","description":"\u017delite da leto provedete u\u00a0Sun\u010dev breg, Nesebar,Zlatni pjasci\u00a0sa polaskom iz Ni\u0161a? Mi smo pravo mesto za Vas. Bugarska letovanje 2021 -najpovoljnije cene!\u00a0\u00a0","breadcrumb":{"@id":"https:\/\/kucaputovanja.rs\/en\/bugarska-letovanje\/#breadcrumb"},"inLanguage":"en-US","potentialAction":[{"@type":"ReadAction","target":["https:\/\/kucaputovanja.rs\/en\/bugarska-letovanje\/"]}]},{"@type":"BreadcrumbList","@id":"https:\/\/kucaputovanja.rs\/en\/bugarska-letovanje\/#breadcrumb","itemListElement":[{"@type":"ListItem","position":1,"name":"Home","item":"https:\/\/kucaputovanja.rs\/en\/"},{"@type":"ListItem","position":2,"name":"Bugarska iz Ni\u0161a-Leto 2021."}]},{"@type":"WebSite","@id":"https:\/\/kucaputovanja.rs\/en\/#website","url":"https:\/\/kucaputovanja.rs\/en\/","name":"Ku\u0107a Putovanja","description":"","publisher":{"@id":"https:\/\/kucaputovanja.rs\/en\/#organization"},"potentialAction":[{"@type":"SearchAction","target":{"@type":"EntryPoint","urlTemplate":"https:\/\/kucaputovanja.rs\/en\/?s={search_term_string}"},"query-input":"required name=search_term_string"}],"inLanguage":"en-US"},{"@type":"Organization","@id":"https:\/\/kucaputovanja.rs\/en\/#organization","name":"Ku\u0107a Putovanja","url":"https:\/\/kucaputovanja.rs\/en\/","logo":{"@type":"ImageObject","inLanguage":"en-US","@id":"https:\/\/kucaputovanja.rs\/en\/#\/schema\/logo\/image\/","url":"https:\/\/kucaputovanja.rs\/wp-content\/uploads\/2014\/04\/logo-kuca-putovanja-onama.jpg","contentUrl":"https:\/\/kucaputovanja.rs\/wp-content\/uploads\/2014\/04\/logo-kuca-putovanja-onama.jpg","width":410,"height":211,"caption":"Ku\u0107a Putovanja"},"image":{"@id":"https:\/\/kucaputovanja.rs\/en\/#\/schema\/logo\/image\/"},"sameAs":["https:\/\/www.instagram.com\/kuca_putovanja\/","https:\/\/www.facebook.com\/kucaputovanja.rs"]}]}},"_links":{"self":[{"href":"https:\/\/kucaputovanja.rs\/en\/wp-json\/wp\/v2\/pages\/14952"}],"collection":[{"href":"https:\/\/kucaputovanja.rs\/en\/wp-json\/wp\/v2\/pages"}],"about":[{"href":"https:\/\/kucaputovanja.rs\/en\/wp-json\/wp\/v2\/types\/page"}],"author":[{"embeddable":true,"href":"https:\/\/kucaputovanja.rs\/en\/wp-json\/wp\/v2\/users\/1"}],"replies":[{"embeddable":true,"href":"https:\/\/kucaputovanja.rs\/en\/wp-json\/wp\/v2\/comments?post=14952"}],"version-history":[{"count":15,"href":"https:\/\/kucaputovanja.rs\/en\/wp-json\/wp\/v2\/pages\/14952\/revisions"}],"predecessor-version":[{"id":15073,"href":"https:\/\/kucaputovanja.rs\/en\/wp-json\/wp\/v2\/pages\/14952\/revisions\/15073"}],"wp:attachment":[{"href":"https:\/\/kucaputovanja.rs\/en\/wp-json\/wp\/v2\/media?parent=14952"}],"curies":[{"name":"wp","href":"https:\/\/api.w.org\/{rel}","templated":true}]}}