{"id":14739,"date":"2019-05-05T23:25:15","date_gmt":"2019-05-05T21:25:15","guid":{"rendered":"https:\/\/kucaputovanja.rs\/?page_id=14739"},"modified":"2020-11-27T21:35:10","modified_gmt":"2020-11-27T20:35:10","slug":"turska-letovanje-2019","status":"publish","type":"page","link":"https:\/\/kucaputovanja.rs\/en\/turska-letovanje-2019\/","title":{"rendered":"Turska 2021."},"content":{"rendered":"<p>[vc_row][vc_column][vc_column_text]Planirate u Tursku? Pogledajte turisti\u010dke aran\u017eamane i hotele koje smo pripremili za va\u0161e\u00a0letovanje\u00a0u Turskoj!<\/p>\n<p>Kliknite na ikonice u nastavku da vidite apartmane,vile i hotele koje imamo u ponudi za Leto 2019.[\/vc_column_text][\/vc_column][\/vc_row][vc_row][vc_column width=&#8221;1\/2&#8243;][vc_btn title=&#8221;Ponude za Leto 2021.&#8221; color=&#8221;primary&#8221; size=&#8221;lg&#8221; align=&#8221;center&#8221; link=&#8221;url:https%3A%2F%2Fkucaputovanja.rs%2Fputovanja%2Fletovanje%2F||target:%20_blank|&#8221;][\/vc_column][vc_column width=&#8221;1\/2&#8243;][vc_btn title=&#8221;Aran\u017emani za Tursku&#8221; color=&#8221;warning&#8221; size=&#8221;lg&#8221; align=&#8221;center&#8221; link=&#8221;url:https%3A%2F%2Fkucaputovanja.rs%2Fputovanja%2Fturska-letovanje%2F||target:%20_blank|&#8221;][\/vc_column][\/vc_row][vc_row][vc_column][vc_column_text]<\/p>\n<p>[\/vc_column_text][vc_single_image image=&#8221;14744&#8243; img_size=&#8221;1000 \u00d7 210&#8243; alignment=&#8221;center&#8221;][\/vc_column][\/vc_row]<\/p>\n","protected":false},"excerpt":{"rendered":"<p>[vc_row][vc_column][vc_column_text]Planirate u Tursku? Pogledajte turisti\u010dke aran\u017eamane i hotele koje smo pripremili za va\u0161e\u00a0letovanje\u00a0u Turskoj! Kliknite na ikonice u nastavku da vidite apartmane,vile i hotele koje imamo u ponudi za Leto 2019.[\/vc_column_text][\/vc_column][\/vc_row][vc_row][vc_column width=&#8221;1\/2&#8243;][vc_btn title=&#8221;Ponude za Leto 2021.&#8221; color=&#8221;primary&#8221; size=&#8221;lg&#8221; align=&#8221;center&#8221; link=&#8221;url:https%3A%2F%2Fkucaputovanja.rs%2Fputovanja%2Fletovanje%2F||target:%20_blank|&#8221;][\/vc_column][vc_column&#8230;<\/p>\n","protected":false},"author":1,"featured_media":0,"parent":0,"menu_order":0,"comment_status":"closed","ping_status":"closed","template":"","meta":[],"yoast_head":"<!-- This site is optimized with the Yoast SEO plugin v19.9 - https:\/\/yoast.com\/wordpress\/plugins\/seo\/ -->\n<title>Turska 2019, aran\u017emani iz Ni\u0161a (najjeftinije cene) I\u00a0Ku\u0107a putovanja<\/title>\n<meta name=\"description\" content=\"Planirate u Tursku? Pogledajte turisti\u010dke aran\u017eamane i hotele koje smo pripremili za va\u0161e\u00a0letovanje\u00a0u Turskoj! Turska 2019.otkrijte ponude.\" \/>\n<meta name=\"robots\" content=\"index, follow, max-snippet:-1, max-image-preview:large, max-video-preview:-1\" \/>\n<link rel=\"canonical\" href=\"https:\/\/kucaputovanja.rs\/en\/turska-letovanje-2019\/\" \/>\n<meta property=\"og:locale\" content=\"en_US\" \/>\n<meta property=\"og:type\" content=\"article\" \/>\n<meta property=\"og:title\" content=\"Turska 2019, aran\u017emani iz Ni\u0161a (najjeftinije cene) I\u00a0Ku\u0107a putovanja\" \/>\n<meta property=\"og:description\" content=\"Planirate u Tursku? Pogledajte turisti\u010dke aran\u017eamane i hotele koje smo pripremili za va\u0161e\u00a0letovanje\u00a0u Turskoj! Turska 2019.otkrijte ponude.\" \/>\n<meta property=\"og:url\" content=\"https:\/\/kucaputovanja.rs\/en\/turska-letovanje-2019\/\" \/>\n<meta property=\"og:site_name\" content=\"Ku\u0107a Putovanja\" \/>\n<meta property=\"article:publisher\" content=\"https:\/\/www.facebook.com\/kucaputovanja.rs\" \/>\n<meta property=\"article:modified_time\" content=\"2020-11-27T20:35:10+00:00\" \/>\n<meta name=\"twitter:label1\" content=\"Est. reading time\" \/>\n\t<meta name=\"twitter:data1\" content=\"1 minute\" \/>\n<script type=\"application\/ld+json\" class=\"yoast-schema-graph\">{\"@context\":\"https:\/\/schema.org\",\"@graph\":[{\"@type\":\"WebPage\",\"@id\":\"https:\/\/kucaputovanja.rs\/en\/turska-letovanje-2019\/\",\"url\":\"https:\/\/kucaputovanja.rs\/en\/turska-letovanje-2019\/\",\"name\":\"Turska 2019, aran\u017emani iz Ni\u0161a (najjeftinije cene) I\u00a0Ku\u0107a putovanja\",\"isPartOf\":{\"@id\":\"https:\/\/kucaputovanja.rs\/en\/#website\"},\"datePublished\":\"2019-05-05T21:25:15+00:00\",\"dateModified\":\"2020-11-27T20:35:10+00:00\",\"description\":\"Planirate u Tursku? Pogledajte turisti\u010dke aran\u017eamane i hotele koje smo pripremili za va\u0161e\u00a0letovanje\u00a0u Turskoj! Turska 2019.otkrijte ponude.\",\"breadcrumb\":{\"@id\":\"https:\/\/kucaputovanja.rs\/en\/turska-letovanje-2019\/#breadcrumb\"},\"inLanguage\":\"en-US\",\"potentialAction\":[{\"@type\":\"ReadAction\",\"target\":[\"https:\/\/kucaputovanja.rs\/en\/turska-letovanje-2019\/\"]}]},{\"@type\":\"BreadcrumbList\",\"@id\":\"https:\/\/kucaputovanja.rs\/en\/turska-letovanje-2019\/#breadcrumb\",\"itemListElement\":[{\"@type\":\"ListItem\",\"position\":1,\"name\":\"Home\",\"item\":\"https:\/\/kucaputovanja.rs\/en\/\"},{\"@type\":\"ListItem\",\"position\":2,\"name\":\"Turska 2021.\"}]},{\"@type\":\"WebSite\",\"@id\":\"https:\/\/kucaputovanja.rs\/en\/#website\",\"url\":\"https:\/\/kucaputovanja.rs\/en\/\",\"name\":\"Ku\u0107a Putovanja\",\"description\":\"\",\"publisher\":{\"@id\":\"https:\/\/kucaputovanja.rs\/en\/#organization\"},\"potentialAction\":[{\"@type\":\"SearchAction\",\"target\":{\"@type\":\"EntryPoint\",\"urlTemplate\":\"https:\/\/kucaputovanja.rs\/en\/?s={search_term_string}\"},\"query-input\":\"required name=search_term_string\"}],\"inLanguage\":\"en-US\"},{\"@type\":\"Organization\",\"@id\":\"https:\/\/kucaputovanja.rs\/en\/#organization\",\"name\":\"Ku\u0107a Putovanja\",\"url\":\"https:\/\/kucaputovanja.rs\/en\/\",\"logo\":{\"@type\":\"ImageObject\",\"inLanguage\":\"en-US\",\"@id\":\"https:\/\/kucaputovanja.rs\/en\/#\/schema\/logo\/image\/\",\"url\":\"https:\/\/kucaputovanja.rs\/wp-content\/uploads\/2014\/04\/logo-kuca-putovanja-onama.jpg\",\"contentUrl\":\"https:\/\/kucaputovanja.rs\/wp-content\/uploads\/2014\/04\/logo-kuca-putovanja-onama.jpg\",\"width\":410,\"height\":211,\"caption\":\"Ku\u0107a Putovanja\"},\"image\":{\"@id\":\"https:\/\/kucaputovanja.rs\/en\/#\/schema\/logo\/image\/\"},\"sameAs\":[\"https:\/\/www.instagram.com\/kuca_putovanja\/\",\"https:\/\/www.facebook.com\/kucaputovanja.rs\"]}]}<\/script>\n<!-- \/ Yoast SEO plugin. -->","yoast_head_json":{"title":"Turska 2019, aran\u017emani iz Ni\u0161a (najjeftinije cene) I\u00a0Ku\u0107a putovanja","description":"Planirate u Tursku? Pogledajte turisti\u010dke aran\u017eamane i hotele koje smo pripremili za va\u0161e\u00a0letovanje\u00a0u Turskoj! Turska 2019.otkrijte ponude.","robots":{"index":"index","follow":"follow","max-snippet":"max-snippet:-1","max-image-preview":"max-image-preview:large","max-video-preview":"max-video-preview:-1"},"canonical":"https:\/\/kucaputovanja.rs\/en\/turska-letovanje-2019\/","og_locale":"en_US","og_type":"article","og_title":"Turska 2019, aran\u017emani iz Ni\u0161a (najjeftinije cene) I\u00a0Ku\u0107a putovanja","og_description":"Planirate u Tursku? Pogledajte turisti\u010dke aran\u017eamane i hotele koje smo pripremili za va\u0161e\u00a0letovanje\u00a0u Turskoj! Turska 2019.otkrijte ponude.","og_url":"https:\/\/kucaputovanja.rs\/en\/turska-letovanje-2019\/","og_site_name":"Ku\u0107a Putovanja","article_publisher":"https:\/\/www.facebook.com\/kucaputovanja.rs","article_modified_time":"2020-11-27T20:35:10+00:00","twitter_misc":{"Est. reading time":"1 minute"},"schema":{"@context":"https:\/\/schema.org","@graph":[{"@type":"WebPage","@id":"https:\/\/kucaputovanja.rs\/en\/turska-letovanje-2019\/","url":"https:\/\/kucaputovanja.rs\/en\/turska-letovanje-2019\/","name":"Turska 2019, aran\u017emani iz Ni\u0161a (najjeftinije cene) I\u00a0Ku\u0107a putovanja","isPartOf":{"@id":"https:\/\/kucaputovanja.rs\/en\/#website"},"datePublished":"2019-05-05T21:25:15+00:00","dateModified":"2020-11-27T20:35:10+00:00","description":"Planirate u Tursku? Pogledajte turisti\u010dke aran\u017eamane i hotele koje smo pripremili za va\u0161e\u00a0letovanje\u00a0u Turskoj! Turska 2019.otkrijte ponude.","breadcrumb":{"@id":"https:\/\/kucaputovanja.rs\/en\/turska-letovanje-2019\/#breadcrumb"},"inLanguage":"en-US","potentialAction":[{"@type":"ReadAction","target":["https:\/\/kucaputovanja.rs\/en\/turska-letovanje-2019\/"]}]},{"@type":"BreadcrumbList","@id":"https:\/\/kucaputovanja.rs\/en\/turska-letovanje-2019\/#breadcrumb","itemListElement":[{"@type":"ListItem","position":1,"name":"Home","item":"https:\/\/kucaputovanja.rs\/en\/"},{"@type":"ListItem","position":2,"name":"Turska 2021."}]},{"@type":"WebSite","@id":"https:\/\/kucaputovanja.rs\/en\/#website","url":"https:\/\/kucaputovanja.rs\/en\/","name":"Ku\u0107a Putovanja","description":"","publisher":{"@id":"https:\/\/kucaputovanja.rs\/en\/#organization"},"potentialAction":[{"@type":"SearchAction","target":{"@type":"EntryPoint","urlTemplate":"https:\/\/kucaputovanja.rs\/en\/?s={search_term_string}"},"query-input":"required name=search_term_string"}],"inLanguage":"en-US"},{"@type":"Organization","@id":"https:\/\/kucaputovanja.rs\/en\/#organization","name":"Ku\u0107a Putovanja","url":"https:\/\/kucaputovanja.rs\/en\/","logo":{"@type":"ImageObject","inLanguage":"en-US","@id":"https:\/\/kucaputovanja.rs\/en\/#\/schema\/logo\/image\/","url":"https:\/\/kucaputovanja.rs\/wp-content\/uploads\/2014\/04\/logo-kuca-putovanja-onama.jpg","contentUrl":"https:\/\/kucaputovanja.rs\/wp-content\/uploads\/2014\/04\/logo-kuca-putovanja-onama.jpg","width":410,"height":211,"caption":"Ku\u0107a Putovanja"},"image":{"@id":"https:\/\/kucaputovanja.rs\/en\/#\/schema\/logo\/image\/"},"sameAs":["https:\/\/www.instagram.com\/kuca_putovanja\/","https:\/\/www.facebook.com\/kucaputovanja.rs"]}]}},"_links":{"self":[{"href":"https:\/\/kucaputovanja.rs\/en\/wp-json\/wp\/v2\/pages\/14739"}],"collection":[{"href":"https:\/\/kucaputovanja.rs\/en\/wp-json\/wp\/v2\/pages"}],"about":[{"href":"https:\/\/kucaputovanja.rs\/en\/wp-json\/wp\/v2\/types\/page"}],"author":[{"embeddable":true,"href":"https:\/\/kucaputovanja.rs\/en\/wp-json\/wp\/v2\/users\/1"}],"replies":[{"embeddable":true,"href":"https:\/\/kucaputovanja.rs\/en\/wp-json\/wp\/v2\/comments?post=14739"}],"version-history":[{"count":7,"href":"https:\/\/kucaputovanja.rs\/en\/wp-json\/wp\/v2\/pages\/14739\/revisions"}],"predecessor-version":[{"id":15071,"href":"https:\/\/kucaputovanja.rs\/en\/wp-json\/wp\/v2\/pages\/14739\/revisions\/15071"}],"wp:attachment":[{"href":"https:\/\/kucaputovanja.rs\/en\/wp-json\/wp\/v2\/media?parent=14739"}],"curies":[{"name":"wp","href":"https:\/\/api.w.org\/{rel}","templated":true}]}}