{"id":14619,"date":"2019-03-23T00:15:05","date_gmt":"2019-03-22T23:15:05","guid":{"rendered":"https:\/\/kucaputovanja.rs\/?page_id=14619"},"modified":"2019-05-05T23:12:20","modified_gmt":"2019-05-05T21:12:20","slug":"prenociste-na-putu-za-grcku","status":"publish","type":"page","link":"https:\/\/kucaputovanja.rs\/en\/prenociste-na-putu-za-grcku\/","title":{"rendered":"Preno\u0107i\u0161te na putu do Gr\u010dke &#8211; Hotel A\u0161ikot"},"content":{"rendered":"<p>[vc_row][vc_column][vc_column_text]<\/p>\n<h6>Kontakt podaci:<\/h6>\n<p>&nbsp;<\/p>\n<p><strong>Mob<\/strong>: +389 78 211 994\u00a0<i class=\"fa fa-envelope\" aria-hidden=\"true\"><\/i><br \/>\n<strong><br \/>\nMail:<\/strong> info@hotelasikot.com<\/p>\n<p>[\/vc_column_text][vc_row_inner][vc_column_inner width=&#8221;1\/2&#8243;][vc_column_text]<\/p>\n<h6>Slike unutra\u0161njosti hotela i soba<\/h6>\n<p>[\/vc_column_text][vc_gallery interval=&#8221;0&#8243; images=&#8221;14628,14627,14626,14625,14624,14623,14622,14621&#8243; img_size=&#8221;1000&#215;1000&#8243;][\/vc_column_inner][vc_column_inner width=&#8221;1\/2&#8243;][vc_column_text]<\/p>\n<h6>Gde se nalazi Hotel A\u0161ikot na mapi<\/h6>\n<p>[\/vc_column_text][vc_gmaps link=&#8221;#E-8_JTNDaWZyYW1lJTIwc3JjJTNEJTIyaHR0cHMlM0ElMkYlMkZ3d3cuZ29vZ2xlLmNvbSUyRm1hcHMlMkZlbWJlZCUzRnBiJTNEJTIxMW0xOCUyMTFtMTIlMjExbTMlMjExZDE4Ny43OTI2MDMzMzcwMjYzJTIxMmQyMi41MDQwODM0NzEwNzI0OTQlMjEzZDQxLjE0MTQ3NTAzMDU0OTYzJTIxMm0zJTIxMWYwJTIxMmYwJTIxM2YwJTIxM20yJTIxMWkxMDI0JTIxMmk3NjglMjE0ZjEzLjElMjEzbTMlMjExbTIlMjExczB4MCUyNTNBMHgwJTIxMnM0R1IzJTI1MkJITSUyMTVlMCUyMTNtMiUyMTFzZW4lMjEyc3JzJTIxNHYxNTUzMjk1MzA2NjkwJTIyJTIwd2lkdGglM0QlMjI2MDAlMjIlMjBoZWlnaHQlM0QlMjI0NTAlMjIlMjBmcmFtZWJvcmRlciUzRCUyMjAlMjIlMjBzdHlsZSUzRCUyMmJvcmRlciUzQTAlMjIlMjBhbGxvd2Z1bGxzY3JlZW4lM0UlM0MlMkZpZnJhbWUlM0U=&#8221;][\/vc_column_inner][\/vc_row_inner][\/vc_column][\/vc_row]<\/p>\n","protected":false},"excerpt":{"rendered":"<p>[vc_row][vc_column][vc_column_text] Kontakt podaci: &nbsp; Mob: +389 78 211 994\u00a0 Mail: info@hotelasikot.com [\/vc_column_text][vc_row_inner][vc_column_inner width=&#8221;1\/2&#8243;][vc_column_text] Slike unutra\u0161njosti hotela i soba [\/vc_column_text][vc_gallery interval=&#8221;0&#8243; images=&#8221;14628,14627,14626,14625,14624,14623,14622,14621&#8243; img_size=&#8221;1000&#215;1000&#8243;][\/vc_column_inner][vc_column_inner width=&#8221;1\/2&#8243;][vc_column_text] Gde se nalazi Hotel A\u0161ikot na mapi [\/vc_column_text][vc_gmaps link=&#8221;#E-8_JTNDaWZyYW1lJTIwc3JjJTNEJTIyaHR0cHMlM0ElMkYlMkZ3d3cuZ29vZ2xlLmNvbSUyRm1hcHMlMkZlbWJlZCUzRnBiJTNEJTIxMW0xOCUyMTFtMTIlMjExbTMlMjExZDE4Ny43OTI2MDMzMzcwMjYzJTIxMmQyMi41MDQwODM0NzEwNzI0OTQlMjEzZDQxLjE0MTQ3NTAzMDU0OTYzJTIxMm0zJTIxMWYwJTIxMmYwJTIxM2YwJTIxM20yJTIxMWkxMDI0JTIxMmk3NjglMjE0ZjEzLjElMjEzbTMlMjExbTIlMjExczB4MCUyNTNBMHgwJTIxMnM0R1IzJTI1MkJITSUyMTVlMCUyMTNtMiUyMTFzZW4lMjEyc3JzJTIxNHYxNTUzMjk1MzA2NjkwJTIyJTIwd2lkdGglM0QlMjI2MDAlMjIlMjBoZWlnaHQlM0QlMjI0NTAlMjIlMjBmcmFtZWJvcmRlciUzRCUyMjAlMjIlMjBzdHlsZSUzRCUyMmJvcmRlciUzQTAlMjIlMjBhbGxvd2Z1bGxzY3JlZW4lM0UlM0MlMkZpZnJhbWUlM0U=&#8221;][\/vc_column_inner][\/vc_row_inner][\/vc_column][\/vc_row]<\/p>\n","protected":false},"author":1,"featured_media":0,"parent":0,"menu_order":0,"comment_status":"closed","ping_status":"closed","template":"","meta":[],"yoast_head":"<!-- This site is optimized with the Yoast SEO plugin v19.9 - https:\/\/yoast.com\/wordpress\/plugins\/seo\/ -->\n<title>Gde preno\u0107iti na putu za Gr\u010dku? Preno\u0107i\u0161te Makedonija-Gevgelija<\/title>\n<meta name=\"description\" content=\"Odmorite prilikom Va\u0161eg puta za Gr\u010dku. Idealno mesto za no\u0107enje je Hotel A\u0161ikot. Lepo i pristupa\u010dno preno\u0107i\u0161te u Makedoniji-Gevgeliji.\" \/>\n<meta name=\"robots\" content=\"index, follow, max-snippet:-1, max-image-preview:large, max-video-preview:-1\" \/>\n<link rel=\"canonical\" href=\"https:\/\/kucaputovanja.rs\/en\/prenociste-na-putu-za-grcku\/\" \/>\n<meta property=\"og:locale\" content=\"en_US\" \/>\n<meta property=\"og:type\" content=\"article\" \/>\n<meta property=\"og:title\" content=\"Gde preno\u0107iti na putu za Gr\u010dku? Preno\u0107i\u0161te Makedonija-Gevgelija\" \/>\n<meta property=\"og:description\" content=\"Odmorite prilikom Va\u0161eg puta za Gr\u010dku. Idealno mesto za no\u0107enje je Hotel A\u0161ikot. Lepo i pristupa\u010dno preno\u0107i\u0161te u Makedoniji-Gevgeliji.\" \/>\n<meta property=\"og:url\" content=\"https:\/\/kucaputovanja.rs\/en\/prenociste-na-putu-za-grcku\/\" \/>\n<meta property=\"og:site_name\" content=\"Ku\u0107a Putovanja\" \/>\n<meta property=\"article:publisher\" content=\"https:\/\/www.facebook.com\/kucaputovanja.rs\" \/>\n<meta property=\"article:modified_time\" content=\"2019-05-05T21:12:20+00:00\" \/>\n<meta name=\"twitter:label1\" content=\"Est. reading time\" \/>\n\t<meta name=\"twitter:data1\" content=\"1 minute\" \/>\n<script type=\"application\/ld+json\" class=\"yoast-schema-graph\">{\"@context\":\"https:\/\/schema.org\",\"@graph\":[{\"@type\":\"WebPage\",\"@id\":\"https:\/\/kucaputovanja.rs\/en\/prenociste-na-putu-za-grcku\/\",\"url\":\"https:\/\/kucaputovanja.rs\/en\/prenociste-na-putu-za-grcku\/\",\"name\":\"Gde preno\u0107iti na putu za Gr\u010dku? Preno\u0107i\u0161te Makedonija-Gevgelija\",\"isPartOf\":{\"@id\":\"https:\/\/kucaputovanja.rs\/en\/#website\"},\"datePublished\":\"2019-03-22T23:15:05+00:00\",\"dateModified\":\"2019-05-05T21:12:20+00:00\",\"description\":\"Odmorite prilikom Va\u0161eg puta za Gr\u010dku. Idealno mesto za no\u0107enje je Hotel A\u0161ikot. Lepo i pristupa\u010dno preno\u0107i\u0161te u Makedoniji-Gevgeliji.\",\"breadcrumb\":{\"@id\":\"https:\/\/kucaputovanja.rs\/en\/prenociste-na-putu-za-grcku\/#breadcrumb\"},\"inLanguage\":\"en-US\",\"potentialAction\":[{\"@type\":\"ReadAction\",\"target\":[\"https:\/\/kucaputovanja.rs\/en\/prenociste-na-putu-za-grcku\/\"]}]},{\"@type\":\"BreadcrumbList\",\"@id\":\"https:\/\/kucaputovanja.rs\/en\/prenociste-na-putu-za-grcku\/#breadcrumb\",\"itemListElement\":[{\"@type\":\"ListItem\",\"position\":1,\"name\":\"Home\",\"item\":\"https:\/\/kucaputovanja.rs\/en\/\"},{\"@type\":\"ListItem\",\"position\":2,\"name\":\"Preno\u0107i\u0161te na putu do Gr\u010dke &#8211; Hotel A\u0161ikot\"}]},{\"@type\":\"WebSite\",\"@id\":\"https:\/\/kucaputovanja.rs\/en\/#website\",\"url\":\"https:\/\/kucaputovanja.rs\/en\/\",\"name\":\"Ku\u0107a Putovanja\",\"description\":\"\",\"publisher\":{\"@id\":\"https:\/\/kucaputovanja.rs\/en\/#organization\"},\"potentialAction\":[{\"@type\":\"SearchAction\",\"target\":{\"@type\":\"EntryPoint\",\"urlTemplate\":\"https:\/\/kucaputovanja.rs\/en\/?s={search_term_string}\"},\"query-input\":\"required name=search_term_string\"}],\"inLanguage\":\"en-US\"},{\"@type\":\"Organization\",\"@id\":\"https:\/\/kucaputovanja.rs\/en\/#organization\",\"name\":\"Ku\u0107a Putovanja\",\"url\":\"https:\/\/kucaputovanja.rs\/en\/\",\"logo\":{\"@type\":\"ImageObject\",\"inLanguage\":\"en-US\",\"@id\":\"https:\/\/kucaputovanja.rs\/en\/#\/schema\/logo\/image\/\",\"url\":\"https:\/\/kucaputovanja.rs\/wp-content\/uploads\/2014\/04\/logo-kuca-putovanja-onama.jpg\",\"contentUrl\":\"https:\/\/kucaputovanja.rs\/wp-content\/uploads\/2014\/04\/logo-kuca-putovanja-onama.jpg\",\"width\":410,\"height\":211,\"caption\":\"Ku\u0107a Putovanja\"},\"image\":{\"@id\":\"https:\/\/kucaputovanja.rs\/en\/#\/schema\/logo\/image\/\"},\"sameAs\":[\"https:\/\/www.instagram.com\/kuca_putovanja\/\",\"https:\/\/www.facebook.com\/kucaputovanja.rs\"]}]}<\/script>\n<!-- \/ Yoast SEO plugin. -->","yoast_head_json":{"title":"Gde preno\u0107iti na putu za Gr\u010dku? Preno\u0107i\u0161te Makedonija-Gevgelija","description":"Odmorite prilikom Va\u0161eg puta za Gr\u010dku. Idealno mesto za no\u0107enje je Hotel A\u0161ikot. Lepo i pristupa\u010dno preno\u0107i\u0161te u Makedoniji-Gevgeliji.","robots":{"index":"index","follow":"follow","max-snippet":"max-snippet:-1","max-image-preview":"max-image-preview:large","max-video-preview":"max-video-preview:-1"},"canonical":"https:\/\/kucaputovanja.rs\/en\/prenociste-na-putu-za-grcku\/","og_locale":"en_US","og_type":"article","og_title":"Gde preno\u0107iti na putu za Gr\u010dku? Preno\u0107i\u0161te Makedonija-Gevgelija","og_description":"Odmorite prilikom Va\u0161eg puta za Gr\u010dku. Idealno mesto za no\u0107enje je Hotel A\u0161ikot. Lepo i pristupa\u010dno preno\u0107i\u0161te u Makedoniji-Gevgeliji.","og_url":"https:\/\/kucaputovanja.rs\/en\/prenociste-na-putu-za-grcku\/","og_site_name":"Ku\u0107a Putovanja","article_publisher":"https:\/\/www.facebook.com\/kucaputovanja.rs","article_modified_time":"2019-05-05T21:12:20+00:00","twitter_misc":{"Est. reading time":"1 minute"},"schema":{"@context":"https:\/\/schema.org","@graph":[{"@type":"WebPage","@id":"https:\/\/kucaputovanja.rs\/en\/prenociste-na-putu-za-grcku\/","url":"https:\/\/kucaputovanja.rs\/en\/prenociste-na-putu-za-grcku\/","name":"Gde preno\u0107iti na putu za Gr\u010dku? Preno\u0107i\u0161te Makedonija-Gevgelija","isPartOf":{"@id":"https:\/\/kucaputovanja.rs\/en\/#website"},"datePublished":"2019-03-22T23:15:05+00:00","dateModified":"2019-05-05T21:12:20+00:00","description":"Odmorite prilikom Va\u0161eg puta za Gr\u010dku. Idealno mesto za no\u0107enje je Hotel A\u0161ikot. Lepo i pristupa\u010dno preno\u0107i\u0161te u Makedoniji-Gevgeliji.","breadcrumb":{"@id":"https:\/\/kucaputovanja.rs\/en\/prenociste-na-putu-za-grcku\/#breadcrumb"},"inLanguage":"en-US","potentialAction":[{"@type":"ReadAction","target":["https:\/\/kucaputovanja.rs\/en\/prenociste-na-putu-za-grcku\/"]}]},{"@type":"BreadcrumbList","@id":"https:\/\/kucaputovanja.rs\/en\/prenociste-na-putu-za-grcku\/#breadcrumb","itemListElement":[{"@type":"ListItem","position":1,"name":"Home","item":"https:\/\/kucaputovanja.rs\/en\/"},{"@type":"ListItem","position":2,"name":"Preno\u0107i\u0161te na putu do Gr\u010dke &#8211; Hotel A\u0161ikot"}]},{"@type":"WebSite","@id":"https:\/\/kucaputovanja.rs\/en\/#website","url":"https:\/\/kucaputovanja.rs\/en\/","name":"Ku\u0107a Putovanja","description":"","publisher":{"@id":"https:\/\/kucaputovanja.rs\/en\/#organization"},"potentialAction":[{"@type":"SearchAction","target":{"@type":"EntryPoint","urlTemplate":"https:\/\/kucaputovanja.rs\/en\/?s={search_term_string}"},"query-input":"required name=search_term_string"}],"inLanguage":"en-US"},{"@type":"Organization","@id":"https:\/\/kucaputovanja.rs\/en\/#organization","name":"Ku\u0107a Putovanja","url":"https:\/\/kucaputovanja.rs\/en\/","logo":{"@type":"ImageObject","inLanguage":"en-US","@id":"https:\/\/kucaputovanja.rs\/en\/#\/schema\/logo\/image\/","url":"https:\/\/kucaputovanja.rs\/wp-content\/uploads\/2014\/04\/logo-kuca-putovanja-onama.jpg","contentUrl":"https:\/\/kucaputovanja.rs\/wp-content\/uploads\/2014\/04\/logo-kuca-putovanja-onama.jpg","width":410,"height":211,"caption":"Ku\u0107a Putovanja"},"image":{"@id":"https:\/\/kucaputovanja.rs\/en\/#\/schema\/logo\/image\/"},"sameAs":["https:\/\/www.instagram.com\/kuca_putovanja\/","https:\/\/www.facebook.com\/kucaputovanja.rs"]}]}},"_links":{"self":[{"href":"https:\/\/kucaputovanja.rs\/en\/wp-json\/wp\/v2\/pages\/14619"}],"collection":[{"href":"https:\/\/kucaputovanja.rs\/en\/wp-json\/wp\/v2\/pages"}],"about":[{"href":"https:\/\/kucaputovanja.rs\/en\/wp-json\/wp\/v2\/types\/page"}],"author":[{"embeddable":true,"href":"https:\/\/kucaputovanja.rs\/en\/wp-json\/wp\/v2\/users\/1"}],"replies":[{"embeddable":true,"href":"https:\/\/kucaputovanja.rs\/en\/wp-json\/wp\/v2\/comments?post=14619"}],"version-history":[{"count":18,"href":"https:\/\/kucaputovanja.rs\/en\/wp-json\/wp\/v2\/pages\/14619\/revisions"}],"predecessor-version":[{"id":14735,"href":"https:\/\/kucaputovanja.rs\/en\/wp-json\/wp\/v2\/pages\/14619\/revisions\/14735"}],"wp:attachment":[{"href":"https:\/\/kucaputovanja.rs\/en\/wp-json\/wp\/v2\/media?parent=14619"}],"curies":[{"name":"wp","href":"https:\/\/api.w.org\/{rel}","templated":true}]}}