{"id":14570,"date":"2019-03-05T00:24:59","date_gmt":"2019-03-04T23:24:59","guid":{"rendered":"https:\/\/kucaputovanja.rs\/?page_id=14570"},"modified":"2019-04-03T00:14:27","modified_gmt":"2019-04-02T22:14:27","slug":"letovanje","status":"publish","type":"page","link":"https:\/\/kucaputovanja.rs\/en\/aranzmani\/letovanje\/","title":{"rendered":"Letovanje 2019."},"content":{"rendered":"","protected":false},"excerpt":{"rendered":"","protected":false},"author":1,"featured_media":0,"parent":14568,"menu_order":0,"comment_status":"closed","ping_status":"closed","template":"template-ponudalink.php","meta":[],"yoast_head":"<!-- This site is optimized with the Yoast SEO plugin v19.9 - https:\/\/yoast.com\/wordpress\/plugins\/seo\/ -->\n<title>Leto 2019. - Ku\u0107a putovanja<\/title>\n<meta name=\"description\" content=\"Tra\u017eite najpovoljnija letovanja sa polascima iz Ni\u0161a? Pogledajte turisti\u010dke aran\u017eamane, vile i apartmana koje smo pripremili za va\u0161e\u00a0letovanje! Leto 2019.\" \/>\n<meta name=\"robots\" content=\"index, follow, max-snippet:-1, max-image-preview:large, max-video-preview:-1\" \/>\n<link rel=\"canonical\" href=\"https:\/\/kucaputovanja.rs\/en\/aranzmani\/letovanje\/\" \/>\n<meta property=\"og:locale\" content=\"en_US\" \/>\n<meta property=\"og:type\" content=\"article\" \/>\n<meta property=\"og:title\" content=\"Leto 2019. - Ku\u0107a putovanja\" \/>\n<meta property=\"og:description\" content=\"Tra\u017eite najpovoljnija letovanja sa polascima iz Ni\u0161a? Pogledajte turisti\u010dke aran\u017eamane, vile i apartmana koje smo pripremili za va\u0161e\u00a0letovanje! Leto 2019.\" \/>\n<meta property=\"og:url\" content=\"https:\/\/kucaputovanja.rs\/en\/aranzmani\/letovanje\/\" \/>\n<meta property=\"og:site_name\" content=\"Ku\u0107a Putovanja\" \/>\n<meta property=\"article:publisher\" content=\"https:\/\/www.facebook.com\/kucaputovanja.rs\" \/>\n<meta property=\"article:modified_time\" content=\"2019-04-02T22:14:27+00:00\" \/>\n<script type=\"application\/ld+json\" class=\"yoast-schema-graph\">{\"@context\":\"https:\/\/schema.org\",\"@graph\":[{\"@type\":\"WebPage\",\"@id\":\"https:\/\/kucaputovanja.rs\/en\/aranzmani\/letovanje\/\",\"url\":\"https:\/\/kucaputovanja.rs\/en\/aranzmani\/letovanje\/\",\"name\":\"Leto 2019. - Ku\u0107a putovanja\",\"isPartOf\":{\"@id\":\"https:\/\/kucaputovanja.rs\/en\/#website\"},\"datePublished\":\"2019-03-04T23:24:59+00:00\",\"dateModified\":\"2019-04-02T22:14:27+00:00\",\"description\":\"Tra\u017eite najpovoljnija letovanja sa polascima iz Ni\u0161a? Pogledajte turisti\u010dke aran\u017eamane, vile i apartmana koje smo pripremili za va\u0161e\u00a0letovanje! Leto 2019.\",\"breadcrumb\":{\"@id\":\"https:\/\/kucaputovanja.rs\/en\/aranzmani\/letovanje\/#breadcrumb\"},\"inLanguage\":\"en-US\",\"potentialAction\":[{\"@type\":\"ReadAction\",\"target\":[\"https:\/\/kucaputovanja.rs\/en\/aranzmani\/letovanje\/\"]}]},{\"@type\":\"BreadcrumbList\",\"@id\":\"https:\/\/kucaputovanja.rs\/en\/aranzmani\/letovanje\/#breadcrumb\",\"itemListElement\":[{\"@type\":\"ListItem\",\"position\":1,\"name\":\"Home\",\"item\":\"https:\/\/kucaputovanja.rs\/en\/\"},{\"@type\":\"ListItem\",\"position\":2,\"name\":\"Aran\u017emani\",\"item\":\"https:\/\/kucaputovanja.rs\/en\/aranzmani\/\"},{\"@type\":\"ListItem\",\"position\":3,\"name\":\"Letovanje 2019.\"}]},{\"@type\":\"WebSite\",\"@id\":\"https:\/\/kucaputovanja.rs\/en\/#website\",\"url\":\"https:\/\/kucaputovanja.rs\/en\/\",\"name\":\"Ku\u0107a Putovanja\",\"description\":\"\",\"publisher\":{\"@id\":\"https:\/\/kucaputovanja.rs\/en\/#organization\"},\"potentialAction\":[{\"@type\":\"SearchAction\",\"target\":{\"@type\":\"EntryPoint\",\"urlTemplate\":\"https:\/\/kucaputovanja.rs\/en\/?s={search_term_string}\"},\"query-input\":\"required name=search_term_string\"}],\"inLanguage\":\"en-US\"},{\"@type\":\"Organization\",\"@id\":\"https:\/\/kucaputovanja.rs\/en\/#organization\",\"name\":\"Ku\u0107a Putovanja\",\"url\":\"https:\/\/kucaputovanja.rs\/en\/\",\"logo\":{\"@type\":\"ImageObject\",\"inLanguage\":\"en-US\",\"@id\":\"https:\/\/kucaputovanja.rs\/en\/#\/schema\/logo\/image\/\",\"url\":\"https:\/\/kucaputovanja.rs\/wp-content\/uploads\/2014\/04\/logo-kuca-putovanja-onama.jpg\",\"contentUrl\":\"https:\/\/kucaputovanja.rs\/wp-content\/uploads\/2014\/04\/logo-kuca-putovanja-onama.jpg\",\"width\":410,\"height\":211,\"caption\":\"Ku\u0107a Putovanja\"},\"image\":{\"@id\":\"https:\/\/kucaputovanja.rs\/en\/#\/schema\/logo\/image\/\"},\"sameAs\":[\"https:\/\/www.instagram.com\/kuca_putovanja\/\",\"https:\/\/www.facebook.com\/kucaputovanja.rs\"]}]}<\/script>\n<!-- \/ Yoast SEO plugin. -->","yoast_head_json":{"title":"Leto 2019. - Ku\u0107a putovanja","description":"Tra\u017eite najpovoljnija letovanja sa polascima iz Ni\u0161a? Pogledajte turisti\u010dke aran\u017eamane, vile i apartmana koje smo pripremili za va\u0161e\u00a0letovanje! Leto 2019.","robots":{"index":"index","follow":"follow","max-snippet":"max-snippet:-1","max-image-preview":"max-image-preview:large","max-video-preview":"max-video-preview:-1"},"canonical":"https:\/\/kucaputovanja.rs\/en\/aranzmani\/letovanje\/","og_locale":"en_US","og_type":"article","og_title":"Leto 2019. - Ku\u0107a putovanja","og_description":"Tra\u017eite najpovoljnija letovanja sa polascima iz Ni\u0161a? Pogledajte turisti\u010dke aran\u017eamane, vile i apartmana koje smo pripremili za va\u0161e\u00a0letovanje! Leto 2019.","og_url":"https:\/\/kucaputovanja.rs\/en\/aranzmani\/letovanje\/","og_site_name":"Ku\u0107a Putovanja","article_publisher":"https:\/\/www.facebook.com\/kucaputovanja.rs","article_modified_time":"2019-04-02T22:14:27+00:00","schema":{"@context":"https:\/\/schema.org","@graph":[{"@type":"WebPage","@id":"https:\/\/kucaputovanja.rs\/en\/aranzmani\/letovanje\/","url":"https:\/\/kucaputovanja.rs\/en\/aranzmani\/letovanje\/","name":"Leto 2019. - Ku\u0107a putovanja","isPartOf":{"@id":"https:\/\/kucaputovanja.rs\/en\/#website"},"datePublished":"2019-03-04T23:24:59+00:00","dateModified":"2019-04-02T22:14:27+00:00","description":"Tra\u017eite najpovoljnija letovanja sa polascima iz Ni\u0161a? Pogledajte turisti\u010dke aran\u017eamane, vile i apartmana koje smo pripremili za va\u0161e\u00a0letovanje! Leto 2019.","breadcrumb":{"@id":"https:\/\/kucaputovanja.rs\/en\/aranzmani\/letovanje\/#breadcrumb"},"inLanguage":"en-US","potentialAction":[{"@type":"ReadAction","target":["https:\/\/kucaputovanja.rs\/en\/aranzmani\/letovanje\/"]}]},{"@type":"BreadcrumbList","@id":"https:\/\/kucaputovanja.rs\/en\/aranzmani\/letovanje\/#breadcrumb","itemListElement":[{"@type":"ListItem","position":1,"name":"Home","item":"https:\/\/kucaputovanja.rs\/en\/"},{"@type":"ListItem","position":2,"name":"Aran\u017emani","item":"https:\/\/kucaputovanja.rs\/en\/aranzmani\/"},{"@type":"ListItem","position":3,"name":"Letovanje 2019."}]},{"@type":"WebSite","@id":"https:\/\/kucaputovanja.rs\/en\/#website","url":"https:\/\/kucaputovanja.rs\/en\/","name":"Ku\u0107a Putovanja","description":"","publisher":{"@id":"https:\/\/kucaputovanja.rs\/en\/#organization"},"potentialAction":[{"@type":"SearchAction","target":{"@type":"EntryPoint","urlTemplate":"https:\/\/kucaputovanja.rs\/en\/?s={search_term_string}"},"query-input":"required name=search_term_string"}],"inLanguage":"en-US"},{"@type":"Organization","@id":"https:\/\/kucaputovanja.rs\/en\/#organization","name":"Ku\u0107a Putovanja","url":"https:\/\/kucaputovanja.rs\/en\/","logo":{"@type":"ImageObject","inLanguage":"en-US","@id":"https:\/\/kucaputovanja.rs\/en\/#\/schema\/logo\/image\/","url":"https:\/\/kucaputovanja.rs\/wp-content\/uploads\/2014\/04\/logo-kuca-putovanja-onama.jpg","contentUrl":"https:\/\/kucaputovanja.rs\/wp-content\/uploads\/2014\/04\/logo-kuca-putovanja-onama.jpg","width":410,"height":211,"caption":"Ku\u0107a Putovanja"},"image":{"@id":"https:\/\/kucaputovanja.rs\/en\/#\/schema\/logo\/image\/"},"sameAs":["https:\/\/www.instagram.com\/kuca_putovanja\/","https:\/\/www.facebook.com\/kucaputovanja.rs"]}]}},"_links":{"self":[{"href":"https:\/\/kucaputovanja.rs\/en\/wp-json\/wp\/v2\/pages\/14570"}],"collection":[{"href":"https:\/\/kucaputovanja.rs\/en\/wp-json\/wp\/v2\/pages"}],"about":[{"href":"https:\/\/kucaputovanja.rs\/en\/wp-json\/wp\/v2\/types\/page"}],"author":[{"embeddable":true,"href":"https:\/\/kucaputovanja.rs\/en\/wp-json\/wp\/v2\/users\/1"}],"replies":[{"embeddable":true,"href":"https:\/\/kucaputovanja.rs\/en\/wp-json\/wp\/v2\/comments?post=14570"}],"version-history":[{"count":4,"href":"https:\/\/kucaputovanja.rs\/en\/wp-json\/wp\/v2\/pages\/14570\/revisions"}],"predecessor-version":[{"id":14696,"href":"https:\/\/kucaputovanja.rs\/en\/wp-json\/wp\/v2\/pages\/14570\/revisions\/14696"}],"up":[{"embeddable":true,"href":"https:\/\/kucaputovanja.rs\/en\/wp-json\/wp\/v2\/pages\/14568"}],"wp:attachment":[{"href":"https:\/\/kucaputovanja.rs\/en\/wp-json\/wp\/v2\/media?parent=14570"}],"curies":[{"name":"wp","href":"https:\/\/api.w.org\/{rel}","templated":true}]}}