{"id":13636,"date":"2017-01-19T19:48:30","date_gmt":"2017-01-19T18:48:30","guid":{"rendered":"https:\/\/kucaputovanja.rs\/?page_id=13636"},"modified":"2017-01-19T21:32:49","modified_gmt":"2017-01-19T20:32:49","slug":"tajland","status":"publish","type":"page","link":"https:\/\/kucaputovanja.rs\/en\/tajland\/","title":{"rendered":"TAJLAND"},"content":{"rendered":"<p>&nbsp;<\/p>\n<p style=\"text-align: justify;\"><a href=\"https:\/\/kucaputovanja.rs\/wp-content\/uploads\/2017\/01\/taj.jpg\" rel=\"attachment wp-att-13637\"><img loading=\"lazy\" class=\"alignleft size-medium wp-image-13637\" src=\"https:\/\/kucaputovanja.rs\/wp-content\/uploads\/2017\/01\/taj-300x188.jpg\" alt=\"taj\" width=\"300\" height=\"188\" \/><\/a><a href=\"https:\/\/kucaputovanja.rs\/tajland\/\">Tajland<\/a> \u2013 zemlja osmeha, hramova, ludog no\u0107nog \u017eivota, budizma, nestvarnih ostrva, pla\u017ea, mora&#8230; Kraljevske Palate, Zlatni Hram, Le\u017ee\u0107i Buda, Most na reci Kvai, Ka\u010danburi floating Market &#8211; plove\u0107e pijace gde se celokupna trgovina organizuje na reci i kupoprodaja se vr\u0161i sa \u010damca na \u010damac\u2026 Buran no\u0107ni \u017eivot u prestonici Kraljevine Tajland je svakako ne\u0161to \u0161to \u0107e vas dugo dr\u017eati pod utiskom.<\/p>\n<p style=\"text-align: justify;\">Ko Pangan (Koh Phangan) &#8211; Raj na zemlji naro\u010dito za bekpekere i party people. Vo\u017enje skuterima i istra\u017eivanje malih, zavu\u010denih pla\u017ea i uvala. Pesak, more, mir, ti\u0161ina i\u2026 kre\u0107e unutra\u0161nja ti\u0161ina. Meditacija. Tu su i kursevi joge, neizbe\u017ena Thai masa\u017ea, saloni majstora tetova\u017ea, beach barovi, gomila mladih iz celog sveta \u017eeljnih dru\u017eenja i razmene pozitivne energije!<\/p>\n<p style=\"text-align: justify;\">Puket, ranije poznat i kao Talang, najve\u0107e je tajlandsko ostrvo i istovremeno jedna od 14 provincija Ju\u017enog Tajlanda. Sme\u0161ten je uz zapadnu obalu Tajlanda u Andamanskom moru koje je deo Indijskog okeana. Dva mosta na severnom kraju ostrva povezuju ga sa kopnom.<\/p>\n<p style=\"text-align: justify;\">Ostrva Ko Pi Pi (Koh Phi Phi), idili\u010dna ostrvska uto\u010di\u0161ta sa bezbroj rajskih pla\u017ea, predstavljaju jednu od najatraktivnijih skupina ostrva na svetu. Ovo je zajedni\u010dko ime za mali arhipelag u tajlandskoj provinciji Krabi, udaljen svega sat vremena vo\u017enje brodom od Puketa. Arhipelag \u010dini \u0161est ostrva, od kojih je samo ostrvo Pi Pi Don (Phi Phi Don) naseljeno.<\/p>\n<p style=\"text-align: justify;\">Ostrvo James Bond je jedna od najve\u0107ih atrakcija zaliva Phang Nga. Svetski poznato je postalo nakon uloge koju je imalo u filmu o poznatom \u0161pijunu D\u017eejmsu Bondu u filmu \u201e \u010covek sa zlatnim pi\u0161toljem\u201c. Ovde se okuplja najve\u0107i broj turista kako bi u\u017eivalo u pogledu na ostrvo na kome je boravio James Bond. Zaliv Phang Nga je neverovatno mesto koje treba da bude na vrhu liste mesta koja treba videti.<\/p>\n<p style=\"text-align: justify;\"><strong>\u00a0PONUDE<\/strong><\/p>\n<p style=\"text-align: justify;\"><strong>1)BANGKOK + PHUKET<\/strong> 15 dana \u2013 avio<\/p>\n<p style=\"text-align: justify;\">Sigurni polasci! 28.01 \u2013 12.02.2017. \u2013 jo\u0161 4 slobodna mesta<\/p>\n<p style=\"text-align: justify;\">02.02 \u2013 16.02.2017. \u2013 jo\u0161 1 slobodno mesto<\/p>\n<p style=\"text-align: justify;\"><strong>2)TAJLAND 12 DANA<\/strong><\/p>\n<p>Polasci \u00a030.01.2017. i 22.03.2017.<\/p>\n<p><strong>PROMO cena 890e<\/strong><\/p>\n<p>Regularna cena 990e<\/p>\n<p><strong>3) TAJLAND AKCIJA MART<\/strong><\/p>\n<p>Termin 03.03.2017.<\/p>\n<p><strong>PROMO cena 790e<\/strong><\/p>\n<p>Regularna cena na upit<\/p>\n<p><strong>4)TAJLAND Bangkok, Puket, Ko Pangan<\/strong><\/p>\n<p>Polasci 13.02.2017. i 04.03.2017.<\/p>\n<p>First minute cena 1090e<\/p>\n<p>Regularna cena 1190e<\/p>\n<p>*First minute cena va\u017ei za prijave do tri meseca pred put ili do popune mesta. Nakon tog datuma va\u017ei regularna cena aran\u017emana.<\/p>\n<p>* U retkim slu\u010dajevima mogu\u0107e je pomeranje datuma (dan-dva) u odnosu na planirane polaske. Nakon potvr\u0111ivanja grupe, potvr\u0111uje se i datum polaska i povratka.<\/p>\n<p> <strong>OVO SU SAMO NEKI OD ARAN\u017dMANA ZA TAILAND U NA\u0160OJ PONUDI. UKOLIKO \u017dELITE ARAN\u017dMANE SA VE\u0106IM ILI MANJEM BROJEM DANA ILI DRUGOG DATUMA POZOVITE NAS NA 018 41 00 228 ILI DO\u0110ITE LI\u010cNO KOD NAS. \ud83d\ude42<\/strong><\/p>\n<p><img loading=\"lazy\" class=\"wp-image-13628 size-medium alignleft\" src=\"https:\/\/kucaputovanja.rs\/wp-content\/uploads\/2016\/12\/20160329150458-cuba-havana-colorful-buildings-streets-300x100.jpeg\" alt=\"20160329150458-cuba-havana-colorful-buildings-streets\" width=\"300\" height=\"100\" \/><\/p>\n<h2><strong>PROMOCIJA<\/strong><\/h2>\n<p><strong>Zbog specifi\u010dnih uslova organizacije putovanja i komfora grupe, broj putnika po terminu je ograni\u010den.<\/strong><\/p>\n<p>Kako biste osigurali va\u0161e mesto u \u017eeljenom terminu po najpovoljnijim uslovima potrebno je da:<\/p>\n<p>\u2013 uplatom avansa od min.<strong> 250\u20ac<\/strong> za avio aran\u017eman u dinarskoj protivvrednosti po prodajnom kursu banke Intesa, potvrdite prijavu za putovanje. Ostatak aran\u017emana mo\u017eete pla\u0107ati u mese\u010dnim ratama i iznosima koji Vam odgovaraju, bez\u00a0obaveze\u00a0uplate iznosa za\u00a0avio kartu, pre njene kupovine (okvirno 2 meseca pred put). Po tome se i razlikujemo od drugih agencija.<\/p>\n","protected":false},"excerpt":{"rendered":"<p>&nbsp; Tajland \u2013 zemlja osmeha, hramova, ludog no\u0107nog \u017eivota, budizma, nestvarnih ostrva, pla\u017ea, mora&#8230; Kraljevske Palate, Zlatni Hram, Le\u017ee\u0107i Buda, Most na reci Kvai, Ka\u010danburi floating Market &#8211; plove\u0107e pijace gde se celokupna trgovina organizuje na reci i kupoprodaja se&#8230;<\/p>\n","protected":false},"author":1,"featured_media":0,"parent":0,"menu_order":0,"comment_status":"closed","ping_status":"closed","template":"","meta":[],"yoast_head":"<!-- This site is optimized with the Yoast SEO plugin v19.9 - https:\/\/yoast.com\/wordpress\/plugins\/seo\/ -->\n<title>- Ku\u0107a Putovanja<\/title>\n<meta name=\"robots\" content=\"index, follow, max-snippet:-1, max-image-preview:large, max-video-preview:-1\" \/>\n<link rel=\"canonical\" href=\"https:\/\/kucaputovanja.rs\/en\/tajland\/\" \/>\n<meta property=\"og:locale\" content=\"en_US\" \/>\n<meta property=\"og:type\" content=\"article\" \/>\n<meta property=\"og:title\" content=\"- Ku\u0107a Putovanja\" \/>\n<meta property=\"og:description\" content=\"&nbsp; Tajland \u2013 zemlja osmeha, hramova, ludog no\u0107nog \u017eivota, budizma, nestvarnih ostrva, pla\u017ea, mora&#8230; Kraljevske Palate, Zlatni Hram, Le\u017ee\u0107i Buda, Most na reci Kvai, Ka\u010danburi floating Market &#8211; plove\u0107e pijace gde se celokupna trgovina organizuje na reci i kupoprodaja se...\" \/>\n<meta property=\"og:url\" content=\"https:\/\/kucaputovanja.rs\/en\/tajland\/\" \/>\n<meta property=\"og:site_name\" content=\"Ku\u0107a Putovanja\" \/>\n<meta property=\"article:publisher\" content=\"https:\/\/www.facebook.com\/kucaputovanja.rs\" \/>\n<meta property=\"article:modified_time\" content=\"2017-01-19T20:32:49+00:00\" \/>\n<meta property=\"og:image\" content=\"https:\/\/kucaputovanja.rs\/wp-content\/uploads\/2017\/01\/taj-300x188.jpg\" \/>\n<meta name=\"twitter:label1\" content=\"Est. reading time\" \/>\n\t<meta name=\"twitter:data1\" content=\"3 minutes\" \/>\n<script type=\"application\/ld+json\" class=\"yoast-schema-graph\">{\"@context\":\"https:\/\/schema.org\",\"@graph\":[{\"@type\":\"WebPage\",\"@id\":\"https:\/\/kucaputovanja.rs\/en\/tajland\/\",\"url\":\"https:\/\/kucaputovanja.rs\/en\/tajland\/\",\"name\":\"- Ku\u0107a Putovanja\",\"isPartOf\":{\"@id\":\"https:\/\/kucaputovanja.rs\/en\/#website\"},\"datePublished\":\"2017-01-19T18:48:30+00:00\",\"dateModified\":\"2017-01-19T20:32:49+00:00\",\"breadcrumb\":{\"@id\":\"https:\/\/kucaputovanja.rs\/en\/tajland\/#breadcrumb\"},\"inLanguage\":\"en-US\",\"potentialAction\":[{\"@type\":\"ReadAction\",\"target\":[\"https:\/\/kucaputovanja.rs\/en\/tajland\/\"]}]},{\"@type\":\"BreadcrumbList\",\"@id\":\"https:\/\/kucaputovanja.rs\/en\/tajland\/#breadcrumb\",\"itemListElement\":[{\"@type\":\"ListItem\",\"position\":1,\"name\":\"Home\",\"item\":\"https:\/\/kucaputovanja.rs\/en\/\"},{\"@type\":\"ListItem\",\"position\":2,\"name\":\"TAJLAND\"}]},{\"@type\":\"WebSite\",\"@id\":\"https:\/\/kucaputovanja.rs\/en\/#website\",\"url\":\"https:\/\/kucaputovanja.rs\/en\/\",\"name\":\"Ku\u0107a Putovanja\",\"description\":\"\",\"publisher\":{\"@id\":\"https:\/\/kucaputovanja.rs\/en\/#organization\"},\"potentialAction\":[{\"@type\":\"SearchAction\",\"target\":{\"@type\":\"EntryPoint\",\"urlTemplate\":\"https:\/\/kucaputovanja.rs\/en\/?s={search_term_string}\"},\"query-input\":\"required name=search_term_string\"}],\"inLanguage\":\"en-US\"},{\"@type\":\"Organization\",\"@id\":\"https:\/\/kucaputovanja.rs\/en\/#organization\",\"name\":\"Ku\u0107a Putovanja\",\"url\":\"https:\/\/kucaputovanja.rs\/en\/\",\"logo\":{\"@type\":\"ImageObject\",\"inLanguage\":\"en-US\",\"@id\":\"https:\/\/kucaputovanja.rs\/en\/#\/schema\/logo\/image\/\",\"url\":\"https:\/\/kucaputovanja.rs\/wp-content\/uploads\/2014\/04\/logo-kuca-putovanja-onama.jpg\",\"contentUrl\":\"https:\/\/kucaputovanja.rs\/wp-content\/uploads\/2014\/04\/logo-kuca-putovanja-onama.jpg\",\"width\":410,\"height\":211,\"caption\":\"Ku\u0107a Putovanja\"},\"image\":{\"@id\":\"https:\/\/kucaputovanja.rs\/en\/#\/schema\/logo\/image\/\"},\"sameAs\":[\"https:\/\/www.instagram.com\/kuca_putovanja\/\",\"https:\/\/www.facebook.com\/kucaputovanja.rs\"]}]}<\/script>\n<!-- \/ Yoast SEO plugin. -->","yoast_head_json":{"title":"- Ku\u0107a Putovanja","robots":{"index":"index","follow":"follow","max-snippet":"max-snippet:-1","max-image-preview":"max-image-preview:large","max-video-preview":"max-video-preview:-1"},"canonical":"https:\/\/kucaputovanja.rs\/en\/tajland\/","og_locale":"en_US","og_type":"article","og_title":"- Ku\u0107a Putovanja","og_description":"&nbsp; Tajland \u2013 zemlja osmeha, hramova, ludog no\u0107nog \u017eivota, budizma, nestvarnih ostrva, pla\u017ea, mora&#8230; Kraljevske Palate, Zlatni Hram, Le\u017ee\u0107i Buda, Most na reci Kvai, Ka\u010danburi floating Market &#8211; plove\u0107e pijace gde se celokupna trgovina organizuje na reci i kupoprodaja se...","og_url":"https:\/\/kucaputovanja.rs\/en\/tajland\/","og_site_name":"Ku\u0107a Putovanja","article_publisher":"https:\/\/www.facebook.com\/kucaputovanja.rs","article_modified_time":"2017-01-19T20:32:49+00:00","og_image":[{"url":"https:\/\/kucaputovanja.rs\/wp-content\/uploads\/2017\/01\/taj-300x188.jpg"}],"twitter_misc":{"Est. reading time":"3 minutes"},"schema":{"@context":"https:\/\/schema.org","@graph":[{"@type":"WebPage","@id":"https:\/\/kucaputovanja.rs\/en\/tajland\/","url":"https:\/\/kucaputovanja.rs\/en\/tajland\/","name":"- Ku\u0107a Putovanja","isPartOf":{"@id":"https:\/\/kucaputovanja.rs\/en\/#website"},"datePublished":"2017-01-19T18:48:30+00:00","dateModified":"2017-01-19T20:32:49+00:00","breadcrumb":{"@id":"https:\/\/kucaputovanja.rs\/en\/tajland\/#breadcrumb"},"inLanguage":"en-US","potentialAction":[{"@type":"ReadAction","target":["https:\/\/kucaputovanja.rs\/en\/tajland\/"]}]},{"@type":"BreadcrumbList","@id":"https:\/\/kucaputovanja.rs\/en\/tajland\/#breadcrumb","itemListElement":[{"@type":"ListItem","position":1,"name":"Home","item":"https:\/\/kucaputovanja.rs\/en\/"},{"@type":"ListItem","position":2,"name":"TAJLAND"}]},{"@type":"WebSite","@id":"https:\/\/kucaputovanja.rs\/en\/#website","url":"https:\/\/kucaputovanja.rs\/en\/","name":"Ku\u0107a Putovanja","description":"","publisher":{"@id":"https:\/\/kucaputovanja.rs\/en\/#organization"},"potentialAction":[{"@type":"SearchAction","target":{"@type":"EntryPoint","urlTemplate":"https:\/\/kucaputovanja.rs\/en\/?s={search_term_string}"},"query-input":"required name=search_term_string"}],"inLanguage":"en-US"},{"@type":"Organization","@id":"https:\/\/kucaputovanja.rs\/en\/#organization","name":"Ku\u0107a Putovanja","url":"https:\/\/kucaputovanja.rs\/en\/","logo":{"@type":"ImageObject","inLanguage":"en-US","@id":"https:\/\/kucaputovanja.rs\/en\/#\/schema\/logo\/image\/","url":"https:\/\/kucaputovanja.rs\/wp-content\/uploads\/2014\/04\/logo-kuca-putovanja-onama.jpg","contentUrl":"https:\/\/kucaputovanja.rs\/wp-content\/uploads\/2014\/04\/logo-kuca-putovanja-onama.jpg","width":410,"height":211,"caption":"Ku\u0107a Putovanja"},"image":{"@id":"https:\/\/kucaputovanja.rs\/en\/#\/schema\/logo\/image\/"},"sameAs":["https:\/\/www.instagram.com\/kuca_putovanja\/","https:\/\/www.facebook.com\/kucaputovanja.rs"]}]}},"_links":{"self":[{"href":"https:\/\/kucaputovanja.rs\/en\/wp-json\/wp\/v2\/pages\/13636"}],"collection":[{"href":"https:\/\/kucaputovanja.rs\/en\/wp-json\/wp\/v2\/pages"}],"about":[{"href":"https:\/\/kucaputovanja.rs\/en\/wp-json\/wp\/v2\/types\/page"}],"author":[{"embeddable":true,"href":"https:\/\/kucaputovanja.rs\/en\/wp-json\/wp\/v2\/users\/1"}],"replies":[{"embeddable":true,"href":"https:\/\/kucaputovanja.rs\/en\/wp-json\/wp\/v2\/comments?post=13636"}],"version-history":[{"count":0,"href":"https:\/\/kucaputovanja.rs\/en\/wp-json\/wp\/v2\/pages\/13636\/revisions"}],"wp:attachment":[{"href":"https:\/\/kucaputovanja.rs\/en\/wp-json\/wp\/v2\/media?parent=13636"}],"curies":[{"name":"wp","href":"https:\/\/api.w.org\/{rel}","templated":true}]}}