{"id":13579,"date":"2016-12-21T22:55:03","date_gmt":"2016-12-21T21:55:03","guid":{"rendered":"https:\/\/kucaputovanja.rs\/?page_id=13579"},"modified":"2016-12-22T12:02:06","modified_gmt":"2016-12-22T11:02:06","slug":"kuba-od-1090-e","status":"publish","type":"page","link":"https:\/\/kucaputovanja.rs\/en\/kuba-od-1090-e\/","title":{"rendered":"KUBA"},"content":{"rendered":"<p style=\"text-align: justify;\"><a href=\"https:\/\/kucaputovanja.rs\/wp-content\/uploads\/2016\/12\/cuba.jpg\" rel=\"attachment wp-att-13563\"><img loading=\"lazy\" class=\"alignleft size-full wp-image-13563\" src=\"https:\/\/kucaputovanja.rs\/wp-content\/uploads\/2016\/12\/cuba.jpg\" alt=\"cuba\" width=\"284\" height=\"177\" \/><\/a>Cuba libre! Zemlja slobode, koja se sigurno ne mo\u017ee na pravi na\u010din sagledati ako se posmatra sa terase luksuznog hotela. Do\u017eivite ovo tropsko ostrvo kojim vladaju muzika, boje, razigranost i pozitivna energija iz domova gostoljubivih i uvek dobro raspolo\u017eenih Kubanaca. Ostrvo cigara, ruma, starih automobila, prava je destinacija za sve plesa\u010de, za buntovnike, za zaljubljene i usamljene, za one koji \u017eele da pobegnu od \u201ezapadne kulture\u201c. Poslednja oaza starog svetskog poretka, mesto na kome vreme stoji obiluje kako kulturnim i istorijskim atrakcijama, tako i prlepim karipskim pla\u017eama.<\/p>\n<p style=\"text-align: left;\">PONUDE:<\/p>\n<p style=\"text-align: center;\"><span style=\"font-size: 32px;\"><strong>[buttonBlue][button link=&#8221;&#8221;]KUBA 18 DANA[\/button][\/buttonBlue]<\/strong><\/span><\/p>\n<table class=\"tg\">\n<tbody>\n<tr>\n<th class=\"tg-h31u\" style=\"text-align: left;\"><span style=\"font-size: 14px;\">TERMIN<\/span><\/th>\n<th class=\"tg-h31u\"><span style=\"font-size: 14px;\">04.01.<\/span><\/th>\n<th class=\"tg-h31u\"><span style=\"font-size: 14px;\">23.01<\/span><\/th>\n<th class=\"tg-h31u\"><span style=\"font-size: 14px;\">10.02.<\/span><\/th>\n<th class=\"tg-h31u\"><span style=\"font-size: 14px;\">18.03.<\/span><\/th>\n<th class=\"tg-h31u\"><span style=\"font-size: 14px;\">05.04.<\/span><\/th>\n<th class=\"tg-h31u\"><span style=\"font-size: 14px;\">12.05.<\/span><\/th>\n<th class=\"tg-h31u\"><span style=\"font-size: 14px;\">03.06.<\/span><\/th>\n<\/tr>\n<tr>\n<td class=\"tg-qoo5\">First minute cena<\/td>\n<td class=\"tg-qoo5\" style=\"text-align: left;\">1550e<\/td>\n<td class=\"tg-qoo5\" style=\"text-align: left;\">1490e<\/td>\n<td class=\"tg-qoo5\" style=\"text-align: left;\">1490e<\/td>\n<td class=\"tg-qoo5\" style=\"text-align: left;\">1490e<\/td>\n<td class=\"tg-qoo5\" style=\"text-align: left;\">1450e<\/td>\n<td class=\"tg-qoo5\" style=\"text-align: left;\">1450e<\/td>\n<td class=\"tg-qoo5\" style=\"text-align: left;\">1550e<\/td>\n<\/tr>\n<tr>\n<td class=\"tg-h31u\">Regularna cena<\/td>\n<td class=\"tg-h31u\" style=\"text-align: left;\">1650e<\/td>\n<td class=\"tg-h31u\" style=\"text-align: left;\">1590e<\/td>\n<td class=\"tg-h31u\" style=\"text-align: left;\">1590e<\/td>\n<td class=\"tg-h31u\" style=\"text-align: left;\">1590e<\/td>\n<td class=\"tg-h31u\" style=\"text-align: left;\">1550e<\/td>\n<td class=\"tg-h31u\" style=\"text-align: left;\">1550e<\/td>\n<td class=\"tg-h31u\" style=\"text-align: left;\">1650e<\/td>\n<\/tr>\n<tr>\n<td class=\"tg-j2zy\" colspan=\"8\">*First minute cene va\u017ee za prijave do 3 meseca pred put ili do popune mesta. Nakon toga va\u017ee regularne cene.<\/td>\n<\/tr>\n<\/tbody>\n<\/table>\n<p style=\"text-align: justify;\"><a href=\"https:\/\/kucaputovanja.rs\/wp-content\/uploads\/2016\/12\/varadero-beach-in-cuba.jpg\" rel=\"attachment wp-att-13582\"><img loading=\"lazy\" class=\"alignleft wp-image-13582 size-medium\" src=\"https:\/\/kucaputovanja.rs\/wp-content\/uploads\/2016\/12\/varadero-beach-in-cuba-300x225.jpg\" alt=\"varadero-beach-in-cuba\" width=\"300\" height=\"225\" \/><\/a><\/p>\n<p style=\"text-align: center;\">\u00a0<\/p>\n<p style=\"text-align: center;\">\u00a0<\/p>\n<p style=\"text-align: center;\">\u00a0<\/p>\n<p style=\"text-align: center;\">\u00a0<\/p>\n<p style=\"text-align: center;\">\u00a0<\/p>\n<p>&nbsp;<\/p>\n<p style=\"text-align: left;\"><img loading=\"lazy\" class=\"alignleft size-medium wp-image-13628\" src=\"https:\/\/kucaputovanja.rs\/wp-content\/uploads\/2016\/12\/20160329150458-cuba-havana-colorful-buildings-streets-300x100.jpeg\" alt=\"20160329150458-cuba-havana-colorful-buildings-streets\" width=\"300\" height=\"100\" \/>\u00a0<\/p>\n<p style=\"text-align: left;\">\u00a0<\/p>\n<p style=\"text-align: left;\">\u00a0<\/p>\n<p style=\"text-align: left;\"><span style=\"font-size: 32px;\"><strong>[buttonBlue][button link=&#8221;&#8221;]TERMIN 01.03.2017.[\/button][\/buttonBlue]<\/strong><\/span><\/p>\n<p style=\"text-align: justify;\"><span style=\"font-size: 20px;\"><strong>PROMO cena 1090eur<br \/>Regularna cena 1190eur <\/strong><\/span><\/p>\n<p style=\"text-align: justify;\">** Promo cena va\u017ei za prvih pet mesta, nakon toga va\u017ei regularna cena aran\u017emana.<br \/>** Sa obzirom na to da je akcijski aran\u017eman u pitanju, po prijavi se kupuju avio karte i nije mogu\u0107 kasniji otkaz putovanja i refundacija upla\u0107enog novca<\/p>\n<p style=\"text-align: justify;\"><a href=\"https:\/\/kucaputovanja.rs\/wp-content\/uploads\/2016\/12\/kuba2.jpg\" rel=\"attachment wp-att-13581\"><img loading=\"lazy\" class=\"alignleft wp-image-13581 size-medium\" src=\"https:\/\/kucaputovanja.rs\/wp-content\/uploads\/2016\/12\/kuba2-300x200.jpg\" alt=\"KUBA2\" width=\"300\" height=\"200\" \/><\/a><\/p>\n<p style=\"text-align: justify;\">\n<p> <\/p>\n<p style=\"text-align: justify;\">\u00a0<\/p>\n<p style=\"text-align: justify;\">\u00a0<\/p>\n<p style=\"text-align: justify;\">\u00a0<\/p>\n<p style=\"text-align: justify;\"><a href=\"https:\/\/kucaputovanja.rs\/wp-content\/uploads\/2016\/12\/20160329150458-cuba-havana-colorful-buildings-streets.jpeg\" rel=\"attachment wp-att-13628\"><img loading=\"lazy\" class=\"alignleft size-medium wp-image-13628\" src=\"https:\/\/kucaputovanja.rs\/wp-content\/uploads\/2016\/12\/20160329150458-cuba-havana-colorful-buildings-streets-300x100.jpeg\" alt=\"20160329150458-cuba-havana-colorful-buildings-streets\" width=\"300\" height=\"100\" \/><\/a>\u00a0<\/p>\n<p style=\"text-align: justify;\">\u00a0<\/p>\n<p style=\"text-align: justify;\">\u00a0<\/p>\n<p style=\"text-align: justify;\"><strong>Cena aran\u017emana obuhvata:<\/strong><\/p>\n<p style=\"text-align: justify;\">-Avionsku kartu na relaciji Beograd \u2013 Havana \u2013 Beograd sa svim taksama<br \/>-Sme\u0161taj u Casa Particulares na bazi no\u0107enja (dvokrevetne i trokrevetne sobe) prema planu i programu puta<br \/>-Transfere do i od aerodroma i izme\u0111u gradova prema planu i programu putovanja<br \/>-Kompletnu organizaciju i vo\u0111enje puta<\/p>\n<p style=\"text-align: justify;\">\u00a0<strong>Cena aran\u017emana ne obuhvata:<\/strong><\/p>\n<p style=\"text-align: justify;\">-Me\u0111unarodno zdravstveno osiguranje<br \/>-Doplata za odlazak u Santiago de Kubu (100eur) &#8211; opciono<br \/>-Fakultativne obilaske i izlete, ulaznice za lokalitete i kulturno-istorijske spomenike<br \/>-Individualne tro\u0161kove za vreme putovanja<span style=\"color: #999999;\"><span style=\"font-size: 8px;\"><br \/><\/span><span style=\"font-size: 10px;\"><span style=\"font-size: 8px;\">Organizator putovanja je JUNGLE TRAVEL<\/span> <\/span><\/span><\/p>\n<p style=\"text-align: center;\"><span style=\"font-size: 32px;\"><strong>[buttonBlue][button link=&#8221;&#8221;]PONUDA ZA DATUME:[\/button][\/buttonBlue]<br \/> <\/strong><\/span><\/p>\n<table style=\"height: 158px;\" width=\"619\">\n<tbody>\n<tr>\n<td><strong><span style=\"font-size: 16px;\">19.02 \u2013 05.03.2017.<\/span><\/strong><\/td>\n<td><strong><span style=\"font-size: 16px;\">-1499\u20ac<\/span><\/strong><\/td>\n<\/tr>\n<tr>\n<td><strong><span style=\"font-size: 16px;\">11.03 \u2013 26.03.2017.<\/span><\/strong><\/td>\n<td><strong><span style=\"font-size: 16px;\">-1499\u20ac<\/span><\/strong><\/td>\n<\/tr>\n<tr>\n<td><strong><span style=\"font-size: 16px;\">25.03 \u2013 09.04.2017.<\/span><\/strong><\/td>\n<td><span style=\"font-size: 16px;\"><strong>-1499\u20ac<\/strong>(za uplate u celosti do 13.01. cena je 1450\u20ac) <\/span><\/td>\n<\/tr>\n<tr>\n<td><strong><span style=\"font-size: 16px;\">08.04 \u2013 23.04.2017.<\/span><\/strong><\/td>\n<td><span style=\"font-size: 16px;\"><strong>-1499\u20ac<\/strong>(za uplate u celosti do 13.01. cena je 1450\u20ac) <\/span><\/td>\n<\/tr>\n<\/tbody>\n<\/table>\n<p>&nbsp;<\/p>\n<p style=\"text-align: justify;\"><a href=\"https:\/\/kucaputovanja.rs\/wp-content\/uploads\/2016\/12\/kuba1.jpg\" rel=\"attachment wp-att-13580\"><img loading=\"lazy\" class=\"wp-image-13580 size-medium alignleft\" src=\"https:\/\/kucaputovanja.rs\/wp-content\/uploads\/2016\/12\/kuba1-300x209.jpg\" alt=\"KUBA1\" width=\"300\" height=\"209\" \/><\/a><\/p>\n<p style=\"text-align: justify;\">\u00a0<\/p>\n<p style=\"text-align: justify;\">\u00a0<\/p>\n<p style=\"text-align: justify;\">\u00a0<\/p>\n<p style=\"text-align: justify;\">\u00a0<\/p>\n<p style=\"text-align: justify;\">\u00a0<\/p>\n<p style=\"text-align: justify;\">\u00a0<\/p>\n<p style=\"text-align: justify;\"><a href=\"https:\/\/kucaputovanja.rs\/wp-content\/uploads\/2016\/12\/20160329150458-cuba-havana-colorful-buildings-streets.jpeg\" rel=\"attachment wp-att-13628\"><img loading=\"lazy\" class=\"alignleft size-medium wp-image-13628\" src=\"https:\/\/kucaputovanja.rs\/wp-content\/uploads\/2016\/12\/20160329150458-cuba-havana-colorful-buildings-streets-300x100.jpeg\" alt=\"20160329150458-cuba-havana-colorful-buildings-streets\" width=\"300\" height=\"100\" \/><\/a><\/p>\n<p style=\"text-align: justify;\">\u00a0<\/p>\n<p style=\"text-align: justify;\">\u00a0<\/p>\n<p style=\"text-align: justify;\">\u00a0<\/p>\n<p style=\"text-align: justify;\"><strong>U cenu aran\u017emana ulazi :<\/strong><\/p>\n<p style=\"text-align: justify;\">-Avio prevoz (Beograd-Havana-Beograd) sa svim taksama<br \/>-Svi transferi po programu<br \/>-5 no\u0107enja u Havani u privatnom sme\u0161taju (Casa Particular) \u2013 sli\u010dno apartmanskom tipu<br \/>-4 no\u0107enja u Trinidadu u privatnom sme\u0161taju (Casa Particular) \u2013 sli\u010dno apartmanskom tipu<br \/>-1 no\u0107enje u Santa Clari u privatnom sme\u0161taju (Casa Particular) \u2013 sli\u010dno apartmanskom tipu<br \/>-4 no\u0107enja u Varaderu u privatnom sme\u0161taju (Casa Particular) \u2013 sli\u010dno apartmanskom tipu<br \/>-Organizacija putovanja<br \/>-Stru\u010dni vodi\u010d za sve vreme boravka na Kubi<\/p>\n<p style=\"text-align: justify;\">\u00a0<strong>U cenu aran\u017emana ne ulazi :<\/strong><\/p>\n<p style=\"text-align: justify;\">-Individualni tro\u0161kovi<br \/>-Fakultativni izleti i obilasci<br \/>-Doru\u010dak-ru\u010dak-ve\u010dera<\/p>\n<p style=\"text-align: justify;\">\u00a0<\/p>\n<h2 style=\"text-align: justify;\"><strong>PROMOCIJA<\/strong><\/h2>\n<p style=\"text-align: justify;\"><strong>Promo cene za prijave\u00a0od 19. DEC 2016. do 13. JAN 2017.<\/strong><\/p>\n<p style=\"text-align: justify;\"><strong>Zbog specifi\u010dnih uslova organizacije putovanja i komfora grupe, broj putnika po terminu je ograni\u010den.<\/strong><\/p>\n<p style=\"text-align: justify;\">Kako biste osigurali va\u0161e mesto u \u017eeljenom terminu po najpovoljnijim uslovima potrebno je da:<\/p>\n<p style=\"text-align: justify;\">\u2013 uplatom avansa od min. <strong>50\u20ac<\/strong> za avio aran\u017eman u dinarskoj protivvrednosti po prodajnom kursu banke Intesa, potvrdite prijavu za putovanje. Ostatak aran\u017emana mo\u017eete pla\u0107ati u mese\u010dnim ratama i iznosima koji Vam odgovaraju, uz obaveznu uplatu iznosa za\u00a0avio kartu, pre njene kupovine (okvirno 2 meseca pred put), o \u010demu \u0107emo Vas blagovremeno obavestiti<\/p>\n<p><span style=\"font-size: 8px; color: #999999;\">Organizator Manga Trip putovanja je TA Sonic Tours<\/span><\/p>\n","protected":false},"excerpt":{"rendered":"<p>Cuba libre! Zemlja slobode, koja se sigurno ne mo\u017ee na pravi na\u010din sagledati ako se posmatra sa terase luksuznog hotela. Do\u017eivite ovo tropsko ostrvo kojim vladaju muzika, boje, razigranost i pozitivna energija iz domova gostoljubivih i uvek dobro raspolo\u017eenih Kubanaca&#8230;.<\/p>\n","protected":false},"author":1,"featured_media":0,"parent":0,"menu_order":0,"comment_status":"closed","ping_status":"closed","template":"","meta":[],"yoast_head":"<!-- This site is optimized with the Yoast SEO plugin v19.9 - https:\/\/yoast.com\/wordpress\/plugins\/seo\/ -->\n<title>- Ku\u0107a Putovanja<\/title>\n<meta name=\"robots\" content=\"index, follow, max-snippet:-1, max-image-preview:large, max-video-preview:-1\" \/>\n<link rel=\"canonical\" href=\"https:\/\/kucaputovanja.rs\/en\/kuba-od-1090-e\/\" \/>\n<meta property=\"og:locale\" content=\"en_US\" \/>\n<meta property=\"og:type\" content=\"article\" \/>\n<meta property=\"og:title\" content=\"- Ku\u0107a Putovanja\" \/>\n<meta property=\"og:description\" content=\"Cuba libre! Zemlja slobode, koja se sigurno ne mo\u017ee na pravi na\u010din sagledati ako se posmatra sa terase luksuznog hotela. Do\u017eivite ovo tropsko ostrvo kojim vladaju muzika, boje, razigranost i pozitivna energija iz domova gostoljubivih i uvek dobro raspolo\u017eenih Kubanaca....\" \/>\n<meta property=\"og:url\" content=\"https:\/\/kucaputovanja.rs\/en\/kuba-od-1090-e\/\" \/>\n<meta property=\"og:site_name\" content=\"Ku\u0107a Putovanja\" \/>\n<meta property=\"article:publisher\" content=\"https:\/\/www.facebook.com\/kucaputovanja.rs\" \/>\n<meta property=\"article:modified_time\" content=\"2016-12-22T11:02:06+00:00\" \/>\n<meta property=\"og:image\" content=\"https:\/\/kucaputovanja.rs\/wp-content\/uploads\/2016\/12\/cuba.jpg\" \/>\n<meta name=\"twitter:label1\" content=\"Est. reading time\" \/>\n\t<meta name=\"twitter:data1\" content=\"3 minutes\" \/>\n<script type=\"application\/ld+json\" class=\"yoast-schema-graph\">{\"@context\":\"https:\/\/schema.org\",\"@graph\":[{\"@type\":\"WebPage\",\"@id\":\"https:\/\/kucaputovanja.rs\/en\/kuba-od-1090-e\/\",\"url\":\"https:\/\/kucaputovanja.rs\/en\/kuba-od-1090-e\/\",\"name\":\"- Ku\u0107a Putovanja\",\"isPartOf\":{\"@id\":\"https:\/\/kucaputovanja.rs\/en\/#website\"},\"datePublished\":\"2016-12-21T21:55:03+00:00\",\"dateModified\":\"2016-12-22T11:02:06+00:00\",\"breadcrumb\":{\"@id\":\"https:\/\/kucaputovanja.rs\/en\/kuba-od-1090-e\/#breadcrumb\"},\"inLanguage\":\"en-US\",\"potentialAction\":[{\"@type\":\"ReadAction\",\"target\":[\"https:\/\/kucaputovanja.rs\/en\/kuba-od-1090-e\/\"]}]},{\"@type\":\"BreadcrumbList\",\"@id\":\"https:\/\/kucaputovanja.rs\/en\/kuba-od-1090-e\/#breadcrumb\",\"itemListElement\":[{\"@type\":\"ListItem\",\"position\":1,\"name\":\"Home\",\"item\":\"https:\/\/kucaputovanja.rs\/en\/\"},{\"@type\":\"ListItem\",\"position\":2,\"name\":\"KUBA\"}]},{\"@type\":\"WebSite\",\"@id\":\"https:\/\/kucaputovanja.rs\/en\/#website\",\"url\":\"https:\/\/kucaputovanja.rs\/en\/\",\"name\":\"Ku\u0107a Putovanja\",\"description\":\"\",\"publisher\":{\"@id\":\"https:\/\/kucaputovanja.rs\/en\/#organization\"},\"potentialAction\":[{\"@type\":\"SearchAction\",\"target\":{\"@type\":\"EntryPoint\",\"urlTemplate\":\"https:\/\/kucaputovanja.rs\/en\/?s={search_term_string}\"},\"query-input\":\"required name=search_term_string\"}],\"inLanguage\":\"en-US\"},{\"@type\":\"Organization\",\"@id\":\"https:\/\/kucaputovanja.rs\/en\/#organization\",\"name\":\"Ku\u0107a Putovanja\",\"url\":\"https:\/\/kucaputovanja.rs\/en\/\",\"logo\":{\"@type\":\"ImageObject\",\"inLanguage\":\"en-US\",\"@id\":\"https:\/\/kucaputovanja.rs\/en\/#\/schema\/logo\/image\/\",\"url\":\"https:\/\/kucaputovanja.rs\/wp-content\/uploads\/2014\/04\/logo-kuca-putovanja-onama.jpg\",\"contentUrl\":\"https:\/\/kucaputovanja.rs\/wp-content\/uploads\/2014\/04\/logo-kuca-putovanja-onama.jpg\",\"width\":410,\"height\":211,\"caption\":\"Ku\u0107a Putovanja\"},\"image\":{\"@id\":\"https:\/\/kucaputovanja.rs\/en\/#\/schema\/logo\/image\/\"},\"sameAs\":[\"https:\/\/www.instagram.com\/kuca_putovanja\/\",\"https:\/\/www.facebook.com\/kucaputovanja.rs\"]}]}<\/script>\n<!-- \/ Yoast SEO plugin. -->","yoast_head_json":{"title":"- Ku\u0107a Putovanja","robots":{"index":"index","follow":"follow","max-snippet":"max-snippet:-1","max-image-preview":"max-image-preview:large","max-video-preview":"max-video-preview:-1"},"canonical":"https:\/\/kucaputovanja.rs\/en\/kuba-od-1090-e\/","og_locale":"en_US","og_type":"article","og_title":"- Ku\u0107a Putovanja","og_description":"Cuba libre! Zemlja slobode, koja se sigurno ne mo\u017ee na pravi na\u010din sagledati ako se posmatra sa terase luksuznog hotela. Do\u017eivite ovo tropsko ostrvo kojim vladaju muzika, boje, razigranost i pozitivna energija iz domova gostoljubivih i uvek dobro raspolo\u017eenih Kubanaca....","og_url":"https:\/\/kucaputovanja.rs\/en\/kuba-od-1090-e\/","og_site_name":"Ku\u0107a Putovanja","article_publisher":"https:\/\/www.facebook.com\/kucaputovanja.rs","article_modified_time":"2016-12-22T11:02:06+00:00","og_image":[{"url":"https:\/\/kucaputovanja.rs\/wp-content\/uploads\/2016\/12\/cuba.jpg"}],"twitter_misc":{"Est. reading time":"3 minutes"},"schema":{"@context":"https:\/\/schema.org","@graph":[{"@type":"WebPage","@id":"https:\/\/kucaputovanja.rs\/en\/kuba-od-1090-e\/","url":"https:\/\/kucaputovanja.rs\/en\/kuba-od-1090-e\/","name":"- Ku\u0107a Putovanja","isPartOf":{"@id":"https:\/\/kucaputovanja.rs\/en\/#website"},"datePublished":"2016-12-21T21:55:03+00:00","dateModified":"2016-12-22T11:02:06+00:00","breadcrumb":{"@id":"https:\/\/kucaputovanja.rs\/en\/kuba-od-1090-e\/#breadcrumb"},"inLanguage":"en-US","potentialAction":[{"@type":"ReadAction","target":["https:\/\/kucaputovanja.rs\/en\/kuba-od-1090-e\/"]}]},{"@type":"BreadcrumbList","@id":"https:\/\/kucaputovanja.rs\/en\/kuba-od-1090-e\/#breadcrumb","itemListElement":[{"@type":"ListItem","position":1,"name":"Home","item":"https:\/\/kucaputovanja.rs\/en\/"},{"@type":"ListItem","position":2,"name":"KUBA"}]},{"@type":"WebSite","@id":"https:\/\/kucaputovanja.rs\/en\/#website","url":"https:\/\/kucaputovanja.rs\/en\/","name":"Ku\u0107a Putovanja","description":"","publisher":{"@id":"https:\/\/kucaputovanja.rs\/en\/#organization"},"potentialAction":[{"@type":"SearchAction","target":{"@type":"EntryPoint","urlTemplate":"https:\/\/kucaputovanja.rs\/en\/?s={search_term_string}"},"query-input":"required name=search_term_string"}],"inLanguage":"en-US"},{"@type":"Organization","@id":"https:\/\/kucaputovanja.rs\/en\/#organization","name":"Ku\u0107a Putovanja","url":"https:\/\/kucaputovanja.rs\/en\/","logo":{"@type":"ImageObject","inLanguage":"en-US","@id":"https:\/\/kucaputovanja.rs\/en\/#\/schema\/logo\/image\/","url":"https:\/\/kucaputovanja.rs\/wp-content\/uploads\/2014\/04\/logo-kuca-putovanja-onama.jpg","contentUrl":"https:\/\/kucaputovanja.rs\/wp-content\/uploads\/2014\/04\/logo-kuca-putovanja-onama.jpg","width":410,"height":211,"caption":"Ku\u0107a Putovanja"},"image":{"@id":"https:\/\/kucaputovanja.rs\/en\/#\/schema\/logo\/image\/"},"sameAs":["https:\/\/www.instagram.com\/kuca_putovanja\/","https:\/\/www.facebook.com\/kucaputovanja.rs"]}]}},"_links":{"self":[{"href":"https:\/\/kucaputovanja.rs\/en\/wp-json\/wp\/v2\/pages\/13579"}],"collection":[{"href":"https:\/\/kucaputovanja.rs\/en\/wp-json\/wp\/v2\/pages"}],"about":[{"href":"https:\/\/kucaputovanja.rs\/en\/wp-json\/wp\/v2\/types\/page"}],"author":[{"embeddable":true,"href":"https:\/\/kucaputovanja.rs\/en\/wp-json\/wp\/v2\/users\/1"}],"replies":[{"embeddable":true,"href":"https:\/\/kucaputovanja.rs\/en\/wp-json\/wp\/v2\/comments?post=13579"}],"version-history":[{"count":0,"href":"https:\/\/kucaputovanja.rs\/en\/wp-json\/wp\/v2\/pages\/13579\/revisions"}],"wp:attachment":[{"href":"https:\/\/kucaputovanja.rs\/en\/wp-json\/wp\/v2\/media?parent=13579"}],"curies":[{"name":"wp","href":"https:\/\/api.w.org\/{rel}","templated":true}]}}