{"id":12972,"date":"2016-05-20T21:00:46","date_gmt":"2016-05-20T19:00:46","guid":{"rendered":"https:\/\/kucaputovanja.rs\/?page_id=12972"},"modified":"2019-09-29T19:27:03","modified_gmt":"2019-09-29T17:27:03","slug":"kombi-transferi-do-i-od-aerodroma-nikola-tesla-u-beogradu","status":"publish","type":"page","link":"https:\/\/kucaputovanja.rs\/en\/kombi-transferi-do-i-od-aerodroma-nikola-tesla-u-beogradu\/","title":{"rendered":"Transfer\/prevoz putnika do i od aerodroma u Sofiji i Beogradu."},"content":{"rendered":"<p>[vc_row][vc_column][vc_single_image image=&#8221;14752&#8243; img_size=&#8221;1210 \u00d7 262&#8243;][vc_column_text]<strong>OBAVE\u0160TENJE:<\/strong><\/p>\n<p><strong>Putnicima mo\u017eemo pru\u017eiti mogu\u0107nost prevoza do aerodroma putni\u010dkim vozilom visoke klase.<br \/>\n<\/strong><\/p>\n<p>Za sva dalja pitanja stojimo na raspolaganju.<\/p>\n<p><strong>kontakt: 069 2227 885<\/strong><br \/>\n<strong>e-mail : kucaputovanja@gmail.com<\/strong><\/p>\n<p><strong>UPIT MO\u017dETE POSLATI I\u00a0POPUNJAVANJEM KONTAKT FORME U NASTAVKU ILI SLANJEM EMAIL-A!<\/strong><\/p>\n<p>[vc_row css=&#8221;.vc_custom_1560089616583{border-top-width: 15px !important;border-top-color: #ff8b06 !important;border-top-style: solid !important;}&#8221;][vc_column][vc_column_text]<br \/>\nO<span class=\"st\">bezbedjujemo<\/span>\u00a0prevoz do i od aerodroma \u201e Nikola Tesla\u201c u Beogradu kao i do Sofijskog aerodroma\u00a0 iz Ni\u0161a sa udobnnim putni\u010dkim vozilima visoke klase.<\/p>\n<p>Polazak iz Ni\u0161a je sa dogovorenog mesta ili adrese putnika. Vreme polaska isklju\u010divo u dogovoru sa putnicima i podre\u0111eno je vremenu poletanja &#8211; sletanja aviona sa aerodroma.<\/p>\n<p>Povratak sa aerodroma do navedenih mesta je tako\u0111e po dogovoru sa putnicima jer za svaki transfer radimo poseban program putovanja.<\/p>\n<p>Vozila su opremljena <strong>klima ure\u0111ajem<\/strong>, <strong>kvalitetnim audio sistemom, sistemom za grejanje, prtlja\u017enim prostorom,po potrebi krovni kofer, udobnim i prostranim sedi\u0161tima, GPS ure\u0111ajem, anatomski oblikovanim sedi\u0161tima za decu sa posebnim pojasevima i zatamnjenim staklima!<\/strong><\/p>\n<p>Upotreba cigareta, alkohola i opojnih sredstava izri\u010dito zabranjena u vozilima.<\/p>\n<p><strong>NE RADIMO USMENE POTVRDE REZERVACIJE!<\/strong><\/p>\n<p><strong>REZERVACIJE ISKLJU\u010cIVO <\/strong><strong>POPUNJAVANJEM KONTAKT FORME U NASTAVKU <\/strong>ILI SLANJEM <strong>EMAIL-A!<br \/>\n<\/strong>e-mail : kucaputovanja@gmail.com<\/p>\n<p><strong>TEKST PORUKE TREBA DA SADR\u017dI :<\/strong><\/p>\n<div class=\"clanak-naslov-crni\">\n<p>*\u00a0 Ta\u010dan datum, vreme i mesto poletanja &#8211; sletanja aviona,<br \/>\n*\u00a0 \u00a0ime i prezime putnika sa datumom ro\u0111enja,<br \/>\n*\u00a0 \u00a0kontakt mobilni telefon putnika ( uslu\u017eni broj mobilnog ili fiksnog telefona ukoliko putnik ne poseduje vlastiti broj ),<br \/>\n*\u00a0 \u00a0adresu na koju voza\u010d dovozi \u2013 odvozi putnika, broj kofera i njihova te\u017eina<br \/>\n*\u00a0 \u00a0p<label>rtljag: <strong>a)<\/strong><\/label>\u00a01 rucni prtljag od 8kg\u00a0\u00a0<strong>b)<\/strong> 1 kofer od 23kg\u00a0 <strong>c)<\/strong> 2 kofera od 23kg).<\/p>\n<p>Odgovor na Va\u0161 upit u pisanoj formi dobijate u roku od 24 \u010dasa .<\/p>\n<p><strong>Transferi posle na\u0161e pisane potvrde i Va\u0161e uplate su 100% sigurni, ne zavise od broja putnika i nema otkaza ili promene cene!<\/strong><\/p>\n<\/div>\n<p>[\/vc_column_text][\/vc_column][\/vc_row][vc_row][vc_column]<div role=\"form\" class=\"wpcf7\" id=\"wpcf7-f14351-o1\" lang=\"sr-RS\" dir=\"ltr\">\n<div class=\"screen-reader-response\"><\/div>\n<form action=\"\/en\/wp-json\/wp\/v2\/pages\/12972#wpcf7-f14351-o1\" method=\"post\" class=\"wpcf7-form\" novalidate=\"novalidate\">\n<div style=\"display: none;\">\n<input type=\"hidden\" name=\"_wpcf7\" value=\"14351\" \/>\n<input type=\"hidden\" name=\"_wpcf7_version\" value=\"5.1.1\" \/>\n<input type=\"hidden\" name=\"_wpcf7_locale\" value=\"sr_RS\" \/>\n<input type=\"hidden\" name=\"_wpcf7_unit_tag\" value=\"wpcf7-f14351-o1\" \/>\n<input type=\"hidden\" name=\"_wpcf7_container_post\" value=\"0\" \/>\n<input type=\"hidden\" name=\"g-recaptcha-response\" value=\"\" \/>\n<\/div>\n<div class=\"row\">\n<div class=\"col-sm-3\">\n<label> Va\u0161e Ime i prezime: *<br \/>\n    <span class=\"wpcf7-form-control-wrap your-name\"><input type=\"text\" name=\"your-name\" value=\"\" size=\"40\" class=\"wpcf7-form-control wpcf7-text wpcf7-validates-as-required\" aria-required=\"true\" aria-invalid=\"false\" \/><\/span> <\/label>\n<\/div>\n<div class=\"col-sm-3\">\n<label> Email adresa: *<br \/>\n    <span class=\"wpcf7-form-control-wrap your-email\"><input type=\"email\" name=\"your-email\" value=\"\" size=\"40\" class=\"wpcf7-form-control wpcf7-text wpcf7-email wpcf7-validates-as-required wpcf7-validates-as-email\" aria-required=\"true\" aria-invalid=\"false\" \/><\/span> <\/label>\n<\/div>\n<div class=\"col-sm-3\">\n<label> Kontakt Telefon: *<br \/>\n    <span class=\"wpcf7-form-control-wrap tel-817\"><input type=\"tel\" name=\"tel-817\" value=\"\" size=\"40\" class=\"wpcf7-form-control wpcf7-text wpcf7-tel wpcf7-validates-as-required wpcf7-validates-as-tel\" aria-required=\"true\" aria-invalid=\"false\" \/><\/span> <\/label>\n<\/div>\n<\/div>\n<div class=\"row\">\n<div class=\"col-sm-12\">\n<label> Podaci za transfer:<br \/>\n    <span class=\"wpcf7-form-control-wrap your-message\"><textarea name=\"your-message\" cols=\"40\" rows=\"10\" class=\"wpcf7-form-control wpcf7-textarea\" aria-invalid=\"false\"><\/textarea><\/span> <\/label>\n<\/div>\n<\/div>\n<div class=\"row\">\n<div class=\"col-sm-12\">\n<input type=\"submit\" value=\"Po\u0161alji upit\" class=\"wpcf7-form-control wpcf7-submit\" \/>\n<\/div>\n<\/div>\n<p style=\"display: none !important;\"><label>&#916;<textarea name=\"_wpcf7_ak_hp_textarea\" cols=\"45\" rows=\"8\" maxlength=\"100\"><\/textarea><\/label><input type=\"hidden\" id=\"ak_js_1\" name=\"_wpcf7_ak_js\" value=\"29\"\/><script>document.getElementById( \"ak_js_1\" ).setAttribute( \"value\", ( new Date() ).getTime() );<\/script><\/p><div class=\"wpcf7-response-output wpcf7-display-none\"><\/div><\/form><\/div>[\/vc_column][\/vc_row]<\/p>\n","protected":false},"excerpt":{"rendered":"<p>[vc_row][vc_column][vc_single_image image=&#8221;14752&#8243; img_size=&#8221;1210 \u00d7 262&#8243;][vc_column_text]OBAVE\u0160TENJE: Putnicima mo\u017eemo pru\u017eiti mogu\u0107nost prevoza do aerodroma putni\u010dkim vozilom visoke klase. Za sva dalja pitanja stojimo na raspolaganju. kontakt: 069 2227 885 e-mail : kucaputovanja@gmail.com UPIT MO\u017dETE POSLATI I\u00a0POPUNJAVANJEM KONTAKT FORME U NASTAVKU ILI SLANJEM&#8230;<\/p>\n","protected":false},"author":1,"featured_media":0,"parent":0,"menu_order":0,"comment_status":"closed","ping_status":"closed","template":"","meta":[],"yoast_head":"<!-- This site is optimized with the Yoast SEO plugin v19.9 - https:\/\/yoast.com\/wordpress\/plugins\/seo\/ -->\n<title>Prevoz putnika do aerodroma u Sofiji i Beogradu - Ku\u0107a putovanja<\/title>\n<meta name=\"description\" content=\"Najpouzdaniji auto prevoz\/ transfer putnika od Nis-a do aerodroma u Sofiji i Beograd-u. Iz Ni\u0161-a do Sofijskog aerodroma (aerodrom Sofija-Bugarska).\" \/>\n<meta name=\"robots\" content=\"index, follow, max-snippet:-1, max-image-preview:large, max-video-preview:-1\" \/>\n<link rel=\"canonical\" href=\"https:\/\/kucaputovanja.rs\/en\/kombi-transferi-do-i-od-aerodroma-nikola-tesla-u-beogradu\/\" \/>\n<meta property=\"og:locale\" content=\"en_US\" \/>\n<meta property=\"og:type\" content=\"article\" \/>\n<meta property=\"og:title\" content=\"Prevoz putnika do aerodroma u Sofiji i Beogradu - Ku\u0107a putovanja\" \/>\n<meta property=\"og:description\" content=\"Najpouzdaniji auto prevoz\/ transfer putnika od Nis-a do aerodroma u Sofiji i Beograd-u. Iz Ni\u0161-a do Sofijskog aerodroma (aerodrom Sofija-Bugarska).\" \/>\n<meta property=\"og:url\" content=\"https:\/\/kucaputovanja.rs\/en\/kombi-transferi-do-i-od-aerodroma-nikola-tesla-u-beogradu\/\" \/>\n<meta property=\"og:site_name\" content=\"Ku\u0107a Putovanja\" \/>\n<meta property=\"article:publisher\" content=\"https:\/\/www.facebook.com\/kucaputovanja.rs\" \/>\n<meta property=\"article:modified_time\" content=\"2019-09-29T17:27:03+00:00\" \/>\n<meta name=\"twitter:label1\" content=\"Est. reading time\" \/>\n\t<meta name=\"twitter:data1\" content=\"2 minutes\" \/>\n<script type=\"application\/ld+json\" class=\"yoast-schema-graph\">{\"@context\":\"https:\/\/schema.org\",\"@graph\":[{\"@type\":\"WebPage\",\"@id\":\"https:\/\/kucaputovanja.rs\/en\/kombi-transferi-do-i-od-aerodroma-nikola-tesla-u-beogradu\/\",\"url\":\"https:\/\/kucaputovanja.rs\/en\/kombi-transferi-do-i-od-aerodroma-nikola-tesla-u-beogradu\/\",\"name\":\"Prevoz putnika do aerodroma u Sofiji i Beogradu - Ku\u0107a putovanja\",\"isPartOf\":{\"@id\":\"https:\/\/kucaputovanja.rs\/en\/#website\"},\"datePublished\":\"2016-05-20T19:00:46+00:00\",\"dateModified\":\"2019-09-29T17:27:03+00:00\",\"description\":\"Najpouzdaniji auto prevoz\/ transfer putnika od Nis-a do aerodroma u Sofiji i Beograd-u. Iz Ni\u0161-a do Sofijskog aerodroma (aerodrom Sofija-Bugarska).\",\"breadcrumb\":{\"@id\":\"https:\/\/kucaputovanja.rs\/en\/kombi-transferi-do-i-od-aerodroma-nikola-tesla-u-beogradu\/#breadcrumb\"},\"inLanguage\":\"en-US\",\"potentialAction\":[{\"@type\":\"ReadAction\",\"target\":[\"https:\/\/kucaputovanja.rs\/en\/kombi-transferi-do-i-od-aerodroma-nikola-tesla-u-beogradu\/\"]}]},{\"@type\":\"BreadcrumbList\",\"@id\":\"https:\/\/kucaputovanja.rs\/en\/kombi-transferi-do-i-od-aerodroma-nikola-tesla-u-beogradu\/#breadcrumb\",\"itemListElement\":[{\"@type\":\"ListItem\",\"position\":1,\"name\":\"Home\",\"item\":\"https:\/\/kucaputovanja.rs\/en\/\"},{\"@type\":\"ListItem\",\"position\":2,\"name\":\"Transfer\/prevoz putnika do i od aerodroma u Sofiji i Beogradu.\"}]},{\"@type\":\"WebSite\",\"@id\":\"https:\/\/kucaputovanja.rs\/en\/#website\",\"url\":\"https:\/\/kucaputovanja.rs\/en\/\",\"name\":\"Ku\u0107a Putovanja\",\"description\":\"\",\"publisher\":{\"@id\":\"https:\/\/kucaputovanja.rs\/en\/#organization\"},\"potentialAction\":[{\"@type\":\"SearchAction\",\"target\":{\"@type\":\"EntryPoint\",\"urlTemplate\":\"https:\/\/kucaputovanja.rs\/en\/?s={search_term_string}\"},\"query-input\":\"required name=search_term_string\"}],\"inLanguage\":\"en-US\"},{\"@type\":\"Organization\",\"@id\":\"https:\/\/kucaputovanja.rs\/en\/#organization\",\"name\":\"Ku\u0107a Putovanja\",\"url\":\"https:\/\/kucaputovanja.rs\/en\/\",\"logo\":{\"@type\":\"ImageObject\",\"inLanguage\":\"en-US\",\"@id\":\"https:\/\/kucaputovanja.rs\/en\/#\/schema\/logo\/image\/\",\"url\":\"https:\/\/kucaputovanja.rs\/wp-content\/uploads\/2014\/04\/logo-kuca-putovanja-onama.jpg\",\"contentUrl\":\"https:\/\/kucaputovanja.rs\/wp-content\/uploads\/2014\/04\/logo-kuca-putovanja-onama.jpg\",\"width\":410,\"height\":211,\"caption\":\"Ku\u0107a Putovanja\"},\"image\":{\"@id\":\"https:\/\/kucaputovanja.rs\/en\/#\/schema\/logo\/image\/\"},\"sameAs\":[\"https:\/\/www.instagram.com\/kuca_putovanja\/\",\"https:\/\/www.facebook.com\/kucaputovanja.rs\"]}]}<\/script>\n<!-- \/ Yoast SEO plugin. -->","yoast_head_json":{"title":"Prevoz putnika do aerodroma u Sofiji i Beogradu - Ku\u0107a putovanja","description":"Najpouzdaniji auto prevoz\/ transfer putnika od Nis-a do aerodroma u Sofiji i Beograd-u. Iz Ni\u0161-a do Sofijskog aerodroma (aerodrom Sofija-Bugarska).","robots":{"index":"index","follow":"follow","max-snippet":"max-snippet:-1","max-image-preview":"max-image-preview:large","max-video-preview":"max-video-preview:-1"},"canonical":"https:\/\/kucaputovanja.rs\/en\/kombi-transferi-do-i-od-aerodroma-nikola-tesla-u-beogradu\/","og_locale":"en_US","og_type":"article","og_title":"Prevoz putnika do aerodroma u Sofiji i Beogradu - Ku\u0107a putovanja","og_description":"Najpouzdaniji auto prevoz\/ transfer putnika od Nis-a do aerodroma u Sofiji i Beograd-u. Iz Ni\u0161-a do Sofijskog aerodroma (aerodrom Sofija-Bugarska).","og_url":"https:\/\/kucaputovanja.rs\/en\/kombi-transferi-do-i-od-aerodroma-nikola-tesla-u-beogradu\/","og_site_name":"Ku\u0107a Putovanja","article_publisher":"https:\/\/www.facebook.com\/kucaputovanja.rs","article_modified_time":"2019-09-29T17:27:03+00:00","twitter_misc":{"Est. reading time":"2 minutes"},"schema":{"@context":"https:\/\/schema.org","@graph":[{"@type":"WebPage","@id":"https:\/\/kucaputovanja.rs\/en\/kombi-transferi-do-i-od-aerodroma-nikola-tesla-u-beogradu\/","url":"https:\/\/kucaputovanja.rs\/en\/kombi-transferi-do-i-od-aerodroma-nikola-tesla-u-beogradu\/","name":"Prevoz putnika do aerodroma u Sofiji i Beogradu - Ku\u0107a putovanja","isPartOf":{"@id":"https:\/\/kucaputovanja.rs\/en\/#website"},"datePublished":"2016-05-20T19:00:46+00:00","dateModified":"2019-09-29T17:27:03+00:00","description":"Najpouzdaniji auto prevoz\/ transfer putnika od Nis-a do aerodroma u Sofiji i Beograd-u. Iz Ni\u0161-a do Sofijskog aerodroma (aerodrom Sofija-Bugarska).","breadcrumb":{"@id":"https:\/\/kucaputovanja.rs\/en\/kombi-transferi-do-i-od-aerodroma-nikola-tesla-u-beogradu\/#breadcrumb"},"inLanguage":"en-US","potentialAction":[{"@type":"ReadAction","target":["https:\/\/kucaputovanja.rs\/en\/kombi-transferi-do-i-od-aerodroma-nikola-tesla-u-beogradu\/"]}]},{"@type":"BreadcrumbList","@id":"https:\/\/kucaputovanja.rs\/en\/kombi-transferi-do-i-od-aerodroma-nikola-tesla-u-beogradu\/#breadcrumb","itemListElement":[{"@type":"ListItem","position":1,"name":"Home","item":"https:\/\/kucaputovanja.rs\/en\/"},{"@type":"ListItem","position":2,"name":"Transfer\/prevoz putnika do i od aerodroma u Sofiji i Beogradu."}]},{"@type":"WebSite","@id":"https:\/\/kucaputovanja.rs\/en\/#website","url":"https:\/\/kucaputovanja.rs\/en\/","name":"Ku\u0107a Putovanja","description":"","publisher":{"@id":"https:\/\/kucaputovanja.rs\/en\/#organization"},"potentialAction":[{"@type":"SearchAction","target":{"@type":"EntryPoint","urlTemplate":"https:\/\/kucaputovanja.rs\/en\/?s={search_term_string}"},"query-input":"required name=search_term_string"}],"inLanguage":"en-US"},{"@type":"Organization","@id":"https:\/\/kucaputovanja.rs\/en\/#organization","name":"Ku\u0107a Putovanja","url":"https:\/\/kucaputovanja.rs\/en\/","logo":{"@type":"ImageObject","inLanguage":"en-US","@id":"https:\/\/kucaputovanja.rs\/en\/#\/schema\/logo\/image\/","url":"https:\/\/kucaputovanja.rs\/wp-content\/uploads\/2014\/04\/logo-kuca-putovanja-onama.jpg","contentUrl":"https:\/\/kucaputovanja.rs\/wp-content\/uploads\/2014\/04\/logo-kuca-putovanja-onama.jpg","width":410,"height":211,"caption":"Ku\u0107a Putovanja"},"image":{"@id":"https:\/\/kucaputovanja.rs\/en\/#\/schema\/logo\/image\/"},"sameAs":["https:\/\/www.instagram.com\/kuca_putovanja\/","https:\/\/www.facebook.com\/kucaputovanja.rs"]}]}},"_links":{"self":[{"href":"https:\/\/kucaputovanja.rs\/en\/wp-json\/wp\/v2\/pages\/12972"}],"collection":[{"href":"https:\/\/kucaputovanja.rs\/en\/wp-json\/wp\/v2\/pages"}],"about":[{"href":"https:\/\/kucaputovanja.rs\/en\/wp-json\/wp\/v2\/types\/page"}],"author":[{"embeddable":true,"href":"https:\/\/kucaputovanja.rs\/en\/wp-json\/wp\/v2\/users\/1"}],"replies":[{"embeddable":true,"href":"https:\/\/kucaputovanja.rs\/en\/wp-json\/wp\/v2\/comments?post=12972"}],"version-history":[{"count":11,"href":"https:\/\/kucaputovanja.rs\/en\/wp-json\/wp\/v2\/pages\/12972\/revisions"}],"predecessor-version":[{"id":14972,"href":"https:\/\/kucaputovanja.rs\/en\/wp-json\/wp\/v2\/pages\/12972\/revisions\/14972"}],"wp:attachment":[{"href":"https:\/\/kucaputovanja.rs\/en\/wp-json\/wp\/v2\/media?parent=12972"}],"curies":[{"name":"wp","href":"https:\/\/api.w.org\/{rel}","templated":true}]}}